{"id":38720,"date":"2023-09-20T12:26:15","date_gmt":"2023-09-20T10:26:15","guid":{"rendered":"https:\/\/lufthous.es\/lh\/?page_id=38720"},"modified":"2023-09-20T12:37:23","modified_gmt":"2023-09-20T10:37:23","slug":"grifos","status":"publish","type":"page","link":"https:\/\/lufthous.es\/lh\/productos\/water\/grifos\/","title":{"rendered":"GRIFOS"},"content":{"rendered":"<div class=\"wpb-content-wrapper\"><p>[vc_row][vc_column][vc_column_text]<img fetchpriority=\"high\" class=\"size-full wp-image-38713 aligncenter\" src=\"https:\/\/lufthous.es\/lh\/wp-content\/uploads\/2023\/09\/Coralwai_Logo_400px.png\" alt=\"\" width=\"400\" height=\"160\" srcset=\"https:\/\/lufthous.es\/lh\/wp-content\/uploads\/2023\/09\/Coralwai_Logo_400px.png 400w, https:\/\/lufthous.es\/lh\/wp-content\/uploads\/2023\/09\/Coralwai_Logo_400px-300x120.png 300w, https:\/\/lufthous.es\/lh\/wp-content\/uploads\/2023\/09\/Coralwai_Logo_400px-100x40.png 100w\" sizes=\"(max-width: 400px) 100vw, 400px\" \/>[\/vc_column_text][vc_column_text css=&#8221;.vc_custom_1695205521062{padding-right: 15% !important;padding-left: 15% !important;}&#8221;]<\/p>\n<h2 style=\"text-align: center;\">GRIFOS<\/h2>\n<div><strong>UNA SOLUCI\u00d3N PR\u00c1CTICA PARA TU COCINA<\/strong><\/div>\n<div><\/div>\n<div>Con nuestros grifos podr\u00e1s\u00a0<strong>unificar la salida del agua normal (fr\u00eda y caliente) y la filtrada<\/strong>\u00a0en una misma toma gracias a sus\u00a0<strong>3 v\u00edas separadas individualmente<\/strong>, de tal manera que el agua filtrada y la de red normal no pueden mezclarse. Por tanto, podr\u00e1s obtener diferentes tipos de agua en funci\u00f3n de sus distintos tiradores.<strong>\u00a0La ventaja de esto es que no tendr\u00e1s que instalar un grifo adicional<\/strong>\u00a0para la limpieza del agua, ya sea por \u00f3smosis, ultrafiltraci\u00f3n o filtraci\u00f3n, evitando as\u00ed tener que hacer un agujero en el m\u00e1rmol o en el fregadero.<\/div>\n<div><\/div>\n<h5>METAL FREE\u00ae, \u00daLTIMA TECNOLOG\u00cdA<\/h5>\n<div><\/div>\n<div><strong>Agua sin sabores, sin olores y sin residuos<\/strong><\/div>\n<div><\/div>\n<div>Coral Wai siempre apuesta por la innovaci\u00f3n para ofrecer el mejor tratamiento del agua, por eso, nuestra \u00faltima vanguardia es la\u00a0<strong>tecnolog\u00eda Metal Free\u00ae<\/strong>, la cual impide el contacto del agua con el metal del grifo, evitando as\u00ed la contaminaci\u00f3n de la misma. Esto se consigue gracias a un recubrimiento de pl\u00e1stico con certificado NSF\u00ae.<\/div>\n<p>[\/vc_column_text][\/vc_column][\/vc_row][vc_row][vc_column]<style>.portfolio.portfolio-grid#style-eafae8f .portfolio-item:not(.size-item), .preloader#style-preloader-eafae8f .portfolio-item { padding: calc(42px\/2) !important; }.portfolio.portfolio-grid#style-eafae8f .portfolio-item.size-item { padding: 0 calc(42px\/2) !important; }.portfolio.portfolio-grid#style-eafae8f .portfolio-row, .preloader#style-preloader-eafae8f .skeleton-posts.portfolio-row { margin: calc(-42px\/2); }.portfolio.portfolio-grid#style-eafae8f.fullwidth-columns .portfolio-row { margin: calc(-42px\/2) 0; }.portfolio.portfolio-grid#style-eafae8f .fullwidth-block:not(.no-paddings) { padding-left: 42px; padding-right: 42px; }.portfolio.portfolio-grid#style-eafae8f .fullwidth-block .portfolio-row { padding-left: calc(42px\/2); padding-right: calc(42px\/2); }.portfolio.portfolio-grid#style-eafae8f .fullwidth-block .portfolio-top-panel { padding-left: 42px; padding-right: 42px; }.portfolio.portfolio-grid#style-eafae8f.fullwidth-columns .with-filter-sidebar .filter-sidebar { padding-left: 42px; }.portfolio.portfolio-grid#style-eafae8f .portfolio-item .caption .title span { letter-spacing: px !important; }<\/style><style>.portfolio.portfolio-grid#style-eafae8f .portfolio-filters { text-align: center; }<\/style> <div class=\"portfolio-preloader-wrapper panel-sidebar-position-left\"> <div class=\"portfolio portfolio-grid extended-portfolio-grid no-padding portfolio-pagination-normal portfolio-style-justified background-style-white title-style-light hover-default title-on-hover hover-elements-size-default version-default caption-position-hover loading-animation item-animation-move-up hover-title columns-2 columns-tablet-2 columns-mobile-1 disable-isotope next-page-preloading \" id=\"style-eafae8f\" data-style-uid=\"eafae8f\" data-portfolio-uid=\"grid_f8ab1a8\" data-current-page=\"1\" data-per-page=\"8\" data-next-page=\"0\" data-pages-count=\"1\" data-hover=\"default\" data-portfolio-filter=\"[]\" data-portfolio-filter-attributes=\"null\" data-portfolio-filter-search=\"\"> <div class=\"portfolio-row-outer \"> <div class=\"portfolio-top-panel filter-type-default selected-only\"> <div class=\"portfolio-top-panel-row filter-style-buttons\"> <div class=\"portfolio-top-panel-left\"><div class=\"portfolio-filter-item portfolio-selected-filters left\"> <div class=\"portfolio-selected-filter-item clear-filters\"> Clear Filters\t<\/div> <\/div> <\/div> <div class=\"portfolio-top-panel-right\"> <\/div> <\/div> <\/div> <div class=\"row portfolio-row\"> <div class=\"portfolio-set clearfix\" data-max-row-height=\"380\"> <div class=\"portfolio-item grifos col-xs-12 col-sm-6 col-md-6 bigger item-animations-not-inited portfolio-item-template appearance-type-featured_image post-38417 thegem_pf_item type-thegem_pf_item status-publish has-post-thumbnail\" data-default-sort=\"68\" data-sort-date=\"1690476213\"> <div class=\"wrap clearfix\"> <div class=\"image post-38417 thegem_pf_item type-thegem_pf_item status-publish has-post-thumbnail\"> <div class=\"image-inner \"> <picture> <source srcset=\"https:\/\/lufthous.es\/lh\/wp-content\/uploads\/2023\/07\/img-destacada-grifo_forum_CORALWAI-thegem-product-justified-square-xl.jpg 1x\" sizes=\"100vw\"> <img src=\"https:\/\/lufthous.es\/lh\/wp-content\/uploads\/2023\/07\/img-destacada-grifo_forum_CORALWAI-thegem-product-justified-square-xl.jpg\" width=\"700\" height=\"700\" class=\"attachment-thegem-product-justified-square-xl\" alt=\"GRIFO FORUM\" \/> <\/picture> <\/div> <div class=\"overlay \"> <div class=\"overlay-circle\"><\/div> <div class=\"links-wrapper\"> <div class=\"links\"> <div class=\"portfolio-icons\"> <a href=\"https:\/\/lufthous.es\/lh\/pf\/grifo-forum\/\" target=\"_self\" class=\"icon self-link \" data-elementor-open-lightbox=\"no\" aria-label=\"GRIFO FORUM\"> <i class=\"default\"><\/i> <\/a> <a href=\"javascript: void(0);\" class=\"icon share\" role=\"button\" aria-label=\"Share\"> <i class=\"default\"><\/i> <\/a> <div class=\"overlay-line\"><\/div> <div class=\"portfolio-sharing-pane\"> <div class=\"socials-sharing socials socials-colored-hover\"> <a class=\"socials-item\" target=\"_blank\" href=\"https:\/\/www.facebook.com\/sharer\/sharer.php?u=https%3A%2F%2Flufthous.es%2Flh%2Fpf%2Fgrifo-forum%2F\" title=\"Facebook\"><i class=\"socials-item-icon facebook\"><\/i><\/a> <a class=\"socials-item\" target=\"_blank\" href=\"https:\/\/twitter.com\/intent\/tweet?text=GRIFO+FORUM&#038;url=https%3A%2F%2Flufthous.es%2Flh%2Fpf%2Fgrifo-forum%2F\" title=\"Twitter\"><i class=\"socials-item-icon twitter\"><\/i><\/a> <a class=\"socials-item\" target=\"_blank\" href=\"https:\/\/pinterest.com\/pin\/create\/button\/?url=https%3A%2F%2Flufthous.es%2Flh%2Fpf%2Fgrifo-forum%2F&#038;description=GRIFO+FORUM&#038;media=https%3A%2F%2Flufthous.es%2Flh%2Fwp-content%2Fuploads%2F2023%2F07%2Fimg-destacada-grifo_forum_CORALWAI-thegem-blog-timeline-large.jpg\" title=\"Pinterest\"><i class=\"socials-item-icon pinterest\"><\/i><\/a> <a class=\"socials-item\" target=\"_blank\" href=\"https:\/\/www.tumblr.com\/widgets\/share\/tool?canonicalUrl=https%3A%2F%2Flufthous.es%2Flh%2Fpf%2Fgrifo-forum%2F\" title=\"Tumblr\"><i class=\"socials-item-icon tumblr\"><\/i><\/a> <a class=\"socials-item\" target=\"_blank\" href=\"https:\/\/www.linkedin.com\/shareArticle?mini=true&#038;url=https%3A%2F%2Flufthous.es%2Flh%2Fpf%2Fgrifo-forum%2F&#038;title=GRIFO+FORUM&amp;summary=%5Bvc_row+css%3D%26%238221%3B.vc_custom_1743513635822%7Bmargin-top%3A+0px+%21important%3Bpadding-right%3A+0px+%21important%3Bpadding-left%3A+0px+%21important%3B%7D%26%238221%3B%5D%5Bvc_column+width%3D%26%238221%3B1%2F2%26%238243%3B%5D%5Bvc_column_text+css_animation%3D%26%238221%3Bbottom-to-top%26%238221%3B%5D%5B%2Fvc_column_text%5D%5B%2Fvc_column%5D%5Bvc_column+width%3D%26%238221%3B1%2F2%26%238243%3B+css%3D%26%238221%3B.vc_custom_1648553624702%7Bpadding-top%3A+10%25+%21important%3B%7D%26%238221%3B%5D%5Bvc_column_text%5D+GRIFO+CORAL+WAI+FORUM+%5B%2Fvc_column_text%5D%5Bvc_column_text%5D+Dise%C3%B1o...\" title=\"LinkedIn\"><i class=\"socials-item-icon linkedin\"><\/i><\/a> <a class=\"socials-item\" target=\"_blank\" href=\"https:\/\/www.reddit.com\/submit?url=https%3A%2F%2Flufthous.es%2Flh%2Fpf%2Fgrifo-forum%2F&#038;title=GRIFO+FORUM\" title=\"Reddit\"><i class=\"socials-item-icon reddit\"><\/i><\/a> <\/div> <\/div> <\/div> <div class=\"caption\"> <div class=\"title title-h4\"> <span class=\" \"> GRIFO FORUM <\/span> <\/div> <div class=\"description\"> <\/div> <div class=\"info\"> <span class=\"date\">27 julio, 2023<\/span> <span class=\"set\"> <span class=\"in_text\">in<\/span> <a class=\"additional-meta\" data-filter-type=\"taxonomies\" data-attr=\"thegem_portfolios\" data-filter=\"grifos\">Grifos<\/a> <\/span> <\/div> <\/div> <\/div> <\/div> <\/div> <\/div> <\/div> <\/div> <div class=\"portfolio-item grifos col-xs-12 col-sm-6 col-md-6 bigger item-animations-not-inited portfolio-item-template appearance-type-featured_image post-38407 thegem_pf_item type-thegem_pf_item status-publish has-post-thumbnail\" data-default-sort=\"69\" data-sort-date=\"1690475942\"> <div class=\"wrap clearfix\"> <div class=\"image post-38407 thegem_pf_item type-thegem_pf_item status-publish has-post-thumbnail\"> <div class=\"image-inner \"> <picture> <source srcset=\"https:\/\/lufthous.es\/lh\/wp-content\/uploads\/2023\/07\/img-destacada-grifo_dion_CORALWAI-thegem-product-justified-square-xl.jpg 1x\" sizes=\"100vw\"> <img src=\"https:\/\/lufthous.es\/lh\/wp-content\/uploads\/2023\/07\/img-destacada-grifo_dion_CORALWAI-thegem-product-justified-square-xl.jpg\" width=\"700\" height=\"700\" class=\"attachment-thegem-product-justified-square-xl\" alt=\"GRIFO ABATIBLE DION\" \/> <\/picture> <\/div> <div class=\"overlay \"> <div class=\"overlay-circle\"><\/div> <div class=\"links-wrapper\"> <div class=\"links\"> <div class=\"portfolio-icons\"> <a href=\"https:\/\/lufthous.es\/lh\/pf\/grifo-abatible-dion\/\" target=\"_self\" class=\"icon self-link \" data-elementor-open-lightbox=\"no\" aria-label=\"GRIFO ABATIBLE DION\"> <i class=\"default\"><\/i> <\/a> <a href=\"javascript: void(0);\" class=\"icon share\" role=\"button\" aria-label=\"Share\"> <i class=\"default\"><\/i> <\/a> <div class=\"overlay-line\"><\/div> <div class=\"portfolio-sharing-pane\"> <div class=\"socials-sharing socials socials-colored-hover\"> <a class=\"socials-item\" target=\"_blank\" href=\"https:\/\/www.facebook.com\/sharer\/sharer.php?u=https%3A%2F%2Flufthous.es%2Flh%2Fpf%2Fgrifo-abatible-dion%2F\" title=\"Facebook\"><i class=\"socials-item-icon facebook\"><\/i><\/a> <a class=\"socials-item\" target=\"_blank\" href=\"https:\/\/twitter.com\/intent\/tweet?text=GRIFO+ABATIBLE+DION&#038;url=https%3A%2F%2Flufthous.es%2Flh%2Fpf%2Fgrifo-abatible-dion%2F\" title=\"Twitter\"><i class=\"socials-item-icon twitter\"><\/i><\/a> <a class=\"socials-item\" target=\"_blank\" href=\"https:\/\/pinterest.com\/pin\/create\/button\/?url=https%3A%2F%2Flufthous.es%2Flh%2Fpf%2Fgrifo-abatible-dion%2F&#038;description=GRIFO+ABATIBLE+DION&#038;media=https%3A%2F%2Flufthous.es%2Flh%2Fwp-content%2Fuploads%2F2023%2F07%2Fimg-destacada-grifo_dion_CORALWAI-thegem-blog-timeline-large.jpg\" title=\"Pinterest\"><i class=\"socials-item-icon pinterest\"><\/i><\/a> <a class=\"socials-item\" target=\"_blank\" href=\"https:\/\/www.tumblr.com\/widgets\/share\/tool?canonicalUrl=https%3A%2F%2Flufthous.es%2Flh%2Fpf%2Fgrifo-abatible-dion%2F\" title=\"Tumblr\"><i class=\"socials-item-icon tumblr\"><\/i><\/a> <a class=\"socials-item\" target=\"_blank\" href=\"https:\/\/www.linkedin.com\/shareArticle?mini=true&#038;url=https%3A%2F%2Flufthous.es%2Flh%2Fpf%2Fgrifo-abatible-dion%2F&#038;title=GRIFO+ABATIBLE+DION&amp;summary=%5Bvc_row+css%3D%26%238221%3B.vc_custom_1648553669287%7Bmargin-top%3A+-100px+%21important%3Bpadding-right%3A+0px+%21important%3Bpadding-left%3A+0px+%21important%3B%7D%26%238221%3B%5D%5Bvc_column+width%3D%26%238221%3B1%2F2%26%238243%3B%5D%5Bvc_column_text+css_animation%3D%26%238221%3Bbottom-to-top%26%238221%3B%5D%5B%2Fvc_column_text%5D%5B%2Fvc_column%5D%5Bvc_column+width%3D%26%238221%3B1%2F2%26%238243%3B+css%3D%26%238221%3B.vc_custom_1648553624702%7Bpadding-top%3A+10%25+%21important%3B%7D%26%238221%3B%5D%5Bvc_column_text%5D+CORAL+WAI+GRIFO+ABATIBLE+DION+%5B%2Fvc_column_text%5D%5Bvc_column_text%5D...\" title=\"LinkedIn\"><i class=\"socials-item-icon linkedin\"><\/i><\/a> <a class=\"socials-item\" target=\"_blank\" href=\"https:\/\/www.reddit.com\/submit?url=https%3A%2F%2Flufthous.es%2Flh%2Fpf%2Fgrifo-abatible-dion%2F&#038;title=GRIFO+ABATIBLE+DION\" title=\"Reddit\"><i class=\"socials-item-icon reddit\"><\/i><\/a> <\/div> <\/div> <\/div> <div class=\"caption\"> <div class=\"title title-h4\"> <span class=\" \"> GRIFO ABATIBLE DION <\/span> <\/div> <div class=\"description\"> <\/div> <div class=\"info\"> <span class=\"date\">27 julio, 2023<\/span> <span class=\"set\"> <span class=\"in_text\">in<\/span> <a class=\"additional-meta\" data-filter-type=\"taxonomies\" data-attr=\"thegem_portfolios\" data-filter=\"grifos\">Grifos<\/a> <\/span> <\/div> <\/div> <\/div> <\/div> <\/div> <\/div> <\/div> <\/div> <div class=\"portfolio-item grifos col-xs-12 col-sm-6 col-md-6 bigger item-animations-not-inited portfolio-item-template appearance-type-featured_image post-38397 thegem_pf_item type-thegem_pf_item status-publish has-post-thumbnail\" data-default-sort=\"70\" data-sort-date=\"1690475162\"> <div class=\"wrap clearfix\"> <div class=\"image post-38397 thegem_pf_item type-thegem_pf_item status-publish has-post-thumbnail\"> <div class=\"image-inner \"> <picture> <source srcset=\"https:\/\/lufthous.es\/lh\/wp-content\/uploads\/2023\/07\/img-destacada-grifo_esla_CORALWAI-thegem-product-justified-square-xl.jpg 1x\" sizes=\"100vw\"> <img loading=\"lazy\" src=\"https:\/\/lufthous.es\/lh\/wp-content\/uploads\/2023\/07\/img-destacada-grifo_esla_CORALWAI-thegem-product-justified-square-xl.jpg\" width=\"700\" height=\"700\" class=\"attachment-thegem-product-justified-square-xl\" alt=\"GRIFO ESLA\" \/> <\/picture> <\/div> <div class=\"overlay \"> <div class=\"overlay-circle\"><\/div> <div class=\"links-wrapper\"> <div class=\"links\"> <div class=\"portfolio-icons\"> <a href=\"https:\/\/lufthous.es\/lh\/pf\/grifo-esla\/\" target=\"_self\" class=\"icon self-link \" data-elementor-open-lightbox=\"no\" aria-label=\"GRIFO ESLA\"> <i class=\"default\"><\/i> <\/a> <a href=\"javascript: void(0);\" class=\"icon share\" role=\"button\" aria-label=\"Share\"> <i class=\"default\"><\/i> <\/a> <div class=\"overlay-line\"><\/div> <div class=\"portfolio-sharing-pane\"> <div class=\"socials-sharing socials socials-colored-hover\"> <a class=\"socials-item\" target=\"_blank\" href=\"https:\/\/www.facebook.com\/sharer\/sharer.php?u=https%3A%2F%2Flufthous.es%2Flh%2Fpf%2Fgrifo-esla%2F\" title=\"Facebook\"><i class=\"socials-item-icon facebook\"><\/i><\/a> <a class=\"socials-item\" target=\"_blank\" href=\"https:\/\/twitter.com\/intent\/tweet?text=GRIFO+ESLA&#038;url=https%3A%2F%2Flufthous.es%2Flh%2Fpf%2Fgrifo-esla%2F\" title=\"Twitter\"><i class=\"socials-item-icon twitter\"><\/i><\/a> <a class=\"socials-item\" target=\"_blank\" href=\"https:\/\/pinterest.com\/pin\/create\/button\/?url=https%3A%2F%2Flufthous.es%2Flh%2Fpf%2Fgrifo-esla%2F&#038;description=GRIFO+ESLA&#038;media=https%3A%2F%2Flufthous.es%2Flh%2Fwp-content%2Fuploads%2F2023%2F07%2Fimg-destacada-grifo_esla_CORALWAI-thegem-blog-timeline-large.jpg\" title=\"Pinterest\"><i class=\"socials-item-icon pinterest\"><\/i><\/a> <a class=\"socials-item\" target=\"_blank\" href=\"https:\/\/www.tumblr.com\/widgets\/share\/tool?canonicalUrl=https%3A%2F%2Flufthous.es%2Flh%2Fpf%2Fgrifo-esla%2F\" title=\"Tumblr\"><i class=\"socials-item-icon tumblr\"><\/i><\/a> <a class=\"socials-item\" target=\"_blank\" href=\"https:\/\/www.linkedin.com\/shareArticle?mini=true&#038;url=https%3A%2F%2Flufthous.es%2Flh%2Fpf%2Fgrifo-esla%2F&#038;title=GRIFO+ESLA&amp;summary=%5Bvc_row+css%3D%26%238221%3B.vc_custom_1648553669287%7Bmargin-top%3A+-100px+%21important%3Bpadding-right%3A+0px+%21important%3Bpadding-left%3A+0px+%21important%3B%7D%26%238221%3B%5D%5Bvc_column%5D%5Bvc_column_text+css_animation%3D%26%238221%3Bbottom-to-top%26%238221%3B%5D%5B%2Fvc_column_text%5D%5B%2Fvc_column%5D%5B%2Fvc_row%5D%5Bvc_row+css%3D%26%238221%3B.vc_custom_1648553669287%7Bmargin-top%3A+-100px+%21important%3Bpadding-right%3A+0px+%21important%3Bpadding-left%3A+0px+%21important%3B%7D%26%238221%3B%5D%5Bvc_column+width%3D%26%238221%3B1%2F2%26%238243%3B%5D%5Bvc_column_text+css_animation%3D%26%238221%3Bbottom-to-top%26%238221%3B%5D%5B%2Fvc_column_text%5D%5B%2Fvc_column%5D%5Bvc_column+width%3D%26%238221%3B1%2F2%26%238243%3B+css%3D%26%238221%3B.vc_custom_1648553624702%7Bpadding-top%3A...\" title=\"LinkedIn\"><i class=\"socials-item-icon linkedin\"><\/i><\/a> <a class=\"socials-item\" target=\"_blank\" href=\"https:\/\/www.reddit.com\/submit?url=https%3A%2F%2Flufthous.es%2Flh%2Fpf%2Fgrifo-esla%2F&#038;title=GRIFO+ESLA\" title=\"Reddit\"><i class=\"socials-item-icon reddit\"><\/i><\/a> <\/div> <\/div> <\/div> <div class=\"caption\"> <div class=\"title title-h4\"> <span class=\" \"> GRIFO ESLA <\/span> <\/div> <div class=\"description\"> <\/div> <div class=\"info\"> <span class=\"date\">27 julio, 2023<\/span> <span class=\"set\"> <span class=\"in_text\">in<\/span> <a class=\"additional-meta\" data-filter-type=\"taxonomies\" data-attr=\"thegem_portfolios\" data-filter=\"grifos\">Grifos<\/a> <\/span> <\/div> <\/div> <\/div> <\/div> <\/div> <\/div> <\/div> <\/div> <div class=\"portfolio-item grifos col-xs-12 col-sm-6 col-md-6 bigger item-animations-not-inited portfolio-item-template appearance-type-featured_image post-38389 thegem_pf_item type-thegem_pf_item status-publish has-post-thumbnail\" data-default-sort=\"71\" data-sort-date=\"1690473804\"> <div class=\"wrap clearfix\"> <div class=\"image post-38389 thegem_pf_item type-thegem_pf_item status-publish has-post-thumbnail\"> <div class=\"image-inner \"> <picture> <source srcset=\"https:\/\/lufthous.es\/lh\/wp-content\/uploads\/2023\/07\/img-destacada-grifo_cosmo_CORALWAI-thegem-product-justified-square-xl.jpg 1x\" sizes=\"100vw\"> <img loading=\"lazy\" src=\"https:\/\/lufthous.es\/lh\/wp-content\/uploads\/2023\/07\/img-destacada-grifo_cosmo_CORALWAI-thegem-product-justified-square-xl.jpg\" width=\"700\" height=\"700\" class=\"attachment-thegem-product-justified-square-xl\" alt=\"GRIFO COSMO\" \/> <\/picture> <\/div> <div class=\"overlay \"> <div class=\"overlay-circle\"><\/div> <div class=\"links-wrapper\"> <div class=\"links\"> <div class=\"portfolio-icons\"> <a href=\"https:\/\/lufthous.es\/lh\/pf\/grifo-cosmo\/\" target=\"_self\" class=\"icon self-link \" data-elementor-open-lightbox=\"no\" aria-label=\"GRIFO COSMO\"> <i class=\"default\"><\/i> <\/a> <a href=\"javascript: void(0);\" class=\"icon share\" role=\"button\" aria-label=\"Share\"> <i class=\"default\"><\/i> <\/a> <div class=\"overlay-line\"><\/div> <div class=\"portfolio-sharing-pane\"> <div class=\"socials-sharing socials socials-colored-hover\"> <a class=\"socials-item\" target=\"_blank\" href=\"https:\/\/www.facebook.com\/sharer\/sharer.php?u=https%3A%2F%2Flufthous.es%2Flh%2Fpf%2Fgrifo-cosmo%2F\" title=\"Facebook\"><i class=\"socials-item-icon facebook\"><\/i><\/a> <a class=\"socials-item\" target=\"_blank\" href=\"https:\/\/twitter.com\/intent\/tweet?text=GRIFO+COSMO&#038;url=https%3A%2F%2Flufthous.es%2Flh%2Fpf%2Fgrifo-cosmo%2F\" title=\"Twitter\"><i class=\"socials-item-icon twitter\"><\/i><\/a> <a class=\"socials-item\" target=\"_blank\" href=\"https:\/\/pinterest.com\/pin\/create\/button\/?url=https%3A%2F%2Flufthous.es%2Flh%2Fpf%2Fgrifo-cosmo%2F&#038;description=GRIFO+COSMO&#038;media=https%3A%2F%2Flufthous.es%2Flh%2Fwp-content%2Fuploads%2F2023%2F07%2Fimg-destacada-grifo_cosmo_CORALWAI-thegem-blog-timeline-large.jpg\" title=\"Pinterest\"><i class=\"socials-item-icon pinterest\"><\/i><\/a> <a class=\"socials-item\" target=\"_blank\" href=\"https:\/\/www.tumblr.com\/widgets\/share\/tool?canonicalUrl=https%3A%2F%2Flufthous.es%2Flh%2Fpf%2Fgrifo-cosmo%2F\" title=\"Tumblr\"><i class=\"socials-item-icon tumblr\"><\/i><\/a> <a class=\"socials-item\" target=\"_blank\" href=\"https:\/\/www.linkedin.com\/shareArticle?mini=true&#038;url=https%3A%2F%2Flufthous.es%2Flh%2Fpf%2Fgrifo-cosmo%2F&#038;title=GRIFO+COSMO&amp;summary=%5Bvc_row+css%3D%26%238221%3B.vc_custom_1648553669287%7Bmargin-top%3A+-100px+%21important%3Bpadding-right%3A+0px+%21important%3Bpadding-left%3A+0px+%21important%3B%7D%26%238221%3B%5D%5Bvc_column+width%3D%26%238221%3B1%2F2%26%238243%3B%5D%5Bvc_column_text+css_animation%3D%26%238221%3Bbottom-to-top%26%238221%3B%5D%5B%2Fvc_column_text%5D%5B%2Fvc_column%5D%5Bvc_column+width%3D%26%238221%3B1%2F2%26%238243%3B+css%3D%26%238221%3B.vc_custom_1648553624702%7Bpadding-top%3A+10%25+%21important%3B%7D%26%238221%3B%5D%5Bvc_column_text%5D+GRIFO+CORAL+WAI+COSMO+%5B%2Fvc_column_text%5D%5Bvc_column_text%5D+Dise%C3%B1o...\" title=\"LinkedIn\"><i class=\"socials-item-icon linkedin\"><\/i><\/a> <a class=\"socials-item\" target=\"_blank\" href=\"https:\/\/www.reddit.com\/submit?url=https%3A%2F%2Flufthous.es%2Flh%2Fpf%2Fgrifo-cosmo%2F&#038;title=GRIFO+COSMO\" title=\"Reddit\"><i class=\"socials-item-icon reddit\"><\/i><\/a> <\/div> <\/div> <\/div> <div class=\"caption\"> <div class=\"title title-h4\"> <span class=\" \"> GRIFO COSMO <\/span> <\/div> <div class=\"description\"> <\/div> <div class=\"info\"> <span class=\"date\">27 julio, 2023<\/span> <span class=\"set\"> <span class=\"in_text\">in<\/span> <a class=\"additional-meta\" data-filter-type=\"taxonomies\" data-attr=\"thegem_portfolios\" data-filter=\"grifos\">Grifos<\/a> <\/span> <\/div> <\/div> <\/div> <\/div> <\/div> <\/div> <\/div> <\/div> <\/div><!-- .portflio-set --> <div class=\"portfolio-item-size-container\"> <div class=\"portfolio-item col-xs-12 col-sm-6 col-md-6 bigger item-animations-not-inited portfolio-item-template appearance-type-featured_image post-38389 thegem_pf_item type-thegem_pf_item status-publish has-post-thumbnail\"> <\/div> <\/div> <\/div><!-- .row--> <div class=\"portfolio-navigator gem-pagination\" style=\"display:none;\"> <a href=\"#\" role=\"button\" class=\"prev\" aria-label=\"Ant.\"> <i class=\"default\"><\/i> <\/a> <div class=\"pages\"><\/div> <a href=\"#\" role=\"button\" class=\"next\" aria-label=\"Sig.\"> <i class=\"default\"><\/i> <\/a> <\/div> <\/div><!-- .full-width --> <\/div><!-- .portfolio--> <\/div><!-- .portfolio-preloader-wrapper-->[\/vc_column][\/vc_row]<\/p>\n<\/div>","protected":false},"excerpt":{"rendered":"<p>[vc_row][vc_column][vc_column_text][\/vc_column_text][vc_column_text css=&#8221;.vc_custom_1695205521062{padding-right: 15% !important;padding-left: 15% !important;}&#8221;] GRIFOS UNA SOLUCI\u00d3N PR\u00c1CTICA PARA TU COCINA Con nuestros grifos podr\u00e1s\u00a0unificar la salida del&#8230;<\/p>\n","protected":false},"author":2,"featured_media":36113,"parent":25165,"menu_order":0,"comment_status":"closed","ping_status":"closed","template":"","meta":{"footnotes":""},"class_list":["post-38720","page","type-page","status-publish","has-post-thumbnail"],"_links":{"self":[{"href":"https:\/\/lufthous.es\/lh\/wp-json\/wp\/v2\/pages\/38720","targetHints":{"allow":["GET"]}}],"collection":[{"href":"https:\/\/lufthous.es\/lh\/wp-json\/wp\/v2\/pages"}],"about":[{"href":"https:\/\/lufthous.es\/lh\/wp-json\/wp\/v2\/types\/page"}],"author":[{"embeddable":true,"href":"https:\/\/lufthous.es\/lh\/wp-json\/wp\/v2\/users\/2"}],"replies":[{"embeddable":true,"href":"https:\/\/lufthous.es\/lh\/wp-json\/wp\/v2\/comments?post=38720"}],"version-history":[{"count":4,"href":"https:\/\/lufthous.es\/lh\/wp-json\/wp\/v2\/pages\/38720\/revisions"}],"predecessor-version":[{"id":38730,"href":"https:\/\/lufthous.es\/lh\/wp-json\/wp\/v2\/pages\/38720\/revisions\/38730"}],"up":[{"embeddable":true,"href":"https:\/\/lufthous.es\/lh\/wp-json\/wp\/v2\/pages\/25165"}],"wp:featuredmedia":[{"embeddable":true,"href":"https:\/\/lufthous.es\/lh\/wp-json\/wp\/v2\/media\/36113"}],"wp:attachment":[{"href":"https:\/\/lufthous.es\/lh\/wp-json\/wp\/v2\/media?parent=38720"}],"curies":[{"name":"wp","href":"https:\/\/api.w.org\/{rel}","templated":true}]}}