{"id":38708,"date":"2023-09-20T12:19:42","date_gmt":"2023-09-20T10:19:42","guid":{"rendered":"https:\/\/lufthous.es\/lh\/?page_id=38708"},"modified":"2023-09-20T12:19:42","modified_gmt":"2023-09-20T10:19:42","slug":"fuentes","status":"publish","type":"page","link":"https:\/\/lufthous.es\/lh\/productos\/water\/fuentes\/","title":{"rendered":"FUENTES"},"content":{"rendered":"<div class=\"wpb-content-wrapper\"><p>[vc_row][vc_column][vc_column_text]<img fetchpriority=\"high\" class=\"size-full wp-image-38713 aligncenter\" src=\"https:\/\/lufthous.es\/lh\/wp-content\/uploads\/2023\/09\/Coralwai_Logo_400px.png\" alt=\"\" width=\"400\" height=\"160\" srcset=\"https:\/\/lufthous.es\/lh\/wp-content\/uploads\/2023\/09\/Coralwai_Logo_400px.png 400w, https:\/\/lufthous.es\/lh\/wp-content\/uploads\/2023\/09\/Coralwai_Logo_400px-300x120.png 300w, https:\/\/lufthous.es\/lh\/wp-content\/uploads\/2023\/09\/Coralwai_Logo_400px-100x40.png 100w\" sizes=\"(max-width: 400px) 100vw, 400px\" \/>[\/vc_column_text][vc_column_text css=&#8221;.vc_custom_1695205167388{padding-right: 15% !important;padding-left: 15% !important;}&#8221;]<\/p>\n<h2 style=\"text-align: center;\">Fuentes<\/h2>\n<p>Nuestras fuentes tienen la particularidad y la novedad de llevar un sistema de \u00f3smosis que te ofrece agua filtrada ilimitada, con solo apretar un bot\u00f3n. Un conjunto de filtros que retiene las part\u00edculas indeseables y el cloro y el otro con un sistema de ultra filtraci\u00f3n que nos ayudar\u00e1 a tener un agua a\u00fan m\u00e1s saludable. Una luz led te informa del estado del agua y los filtros. Por tanto, puedes disponer de agua de calidad sin necesidad de recurrir al embotellado, reduciendo as\u00ed, de manera considerable, el uso de botellas de pl\u00e1stico. Adem\u00e1s, con las fuentes obtienes agua caliente, fr\u00eda o de ambiente, y son aptas para ponerlas en el hogar o en cualquier tipo de establecimiento como oficinas, gimnasios, hoteles, etc., ya sea en el suelo o sobre la mesa.[\/vc_column_text][\/vc_column][\/vc_row][vc_row][vc_column]<style>.portfolio.portfolio-grid#style-1bd4c9d .portfolio-item:not(.size-item), .preloader#style-preloader-1bd4c9d .portfolio-item { padding: calc(42px\/2) !important; }.portfolio.portfolio-grid#style-1bd4c9d .portfolio-item.size-item { padding: 0 calc(42px\/2) !important; }.portfolio.portfolio-grid#style-1bd4c9d .portfolio-row, .preloader#style-preloader-1bd4c9d .skeleton-posts.portfolio-row { margin: calc(-42px\/2); }.portfolio.portfolio-grid#style-1bd4c9d.fullwidth-columns .portfolio-row { margin: calc(-42px\/2) 0; }.portfolio.portfolio-grid#style-1bd4c9d .fullwidth-block:not(.no-paddings) { padding-left: 42px; padding-right: 42px; }.portfolio.portfolio-grid#style-1bd4c9d .fullwidth-block .portfolio-row { padding-left: calc(42px\/2); padding-right: calc(42px\/2); }.portfolio.portfolio-grid#style-1bd4c9d .fullwidth-block .portfolio-top-panel { padding-left: 42px; padding-right: 42px; }.portfolio.portfolio-grid#style-1bd4c9d.fullwidth-columns .with-filter-sidebar .filter-sidebar { padding-left: 42px; }.portfolio.portfolio-grid#style-1bd4c9d .portfolio-item .caption .title span { letter-spacing: px !important; }<\/style><style>.portfolio.portfolio-grid#style-1bd4c9d .portfolio-filters { text-align: center; }<\/style> <div class=\"portfolio-preloader-wrapper panel-sidebar-position-left\"> <div class=\"portfolio portfolio-grid extended-portfolio-grid no-padding portfolio-pagination-normal portfolio-style-justified background-style-white title-style-light hover-default title-on-hover hover-elements-size-default version-default caption-position-hover loading-animation item-animation-move-up hover-title columns-2 columns-tablet-2 columns-mobile-1 disable-isotope next-page-preloading \" id=\"style-1bd4c9d\" data-style-uid=\"1bd4c9d\" data-portfolio-uid=\"grid_f8ab1a8\" data-current-page=\"1\" data-per-page=\"8\" data-next-page=\"0\" data-pages-count=\"1\" data-hover=\"default\" data-portfolio-filter=\"[]\" data-portfolio-filter-attributes=\"null\" data-portfolio-filter-search=\"\"> <div class=\"portfolio-row-outer \"> <div class=\"portfolio-top-panel filter-type-default selected-only\"> <div class=\"portfolio-top-panel-row filter-style-buttons\"> <div class=\"portfolio-top-panel-left\"><div class=\"portfolio-filter-item portfolio-selected-filters left\"> <div class=\"portfolio-selected-filter-item clear-filters\"> Clear Filters\t<\/div> <\/div> <\/div> <div class=\"portfolio-top-panel-right\"> <\/div> <\/div> <\/div> <div class=\"row portfolio-row\"> <div class=\"portfolio-set clearfix\" data-max-row-height=\"380\"> <div class=\"portfolio-item fuentes col-xs-12 col-sm-6 col-md-6 bigger item-animations-not-inited portfolio-item-template appearance-type-featured_image post-38557 thegem_pf_item type-thegem_pf_item status-publish has-post-thumbnail\" data-default-sort=\"63\" data-sort-date=\"1690546641\"> <div class=\"wrap clearfix\"> <div class=\"image post-38557 thegem_pf_item type-thegem_pf_item status-publish has-post-thumbnail\"> <div class=\"image-inner \"> <picture> <source srcset=\"https:\/\/lufthous.es\/lh\/wp-content\/uploads\/2023\/07\/img-destacada-fuente_blue-mountain_CORALWAI-thegem-product-justified-square-xl.jpg 1x\" sizes=\"100vw\"> <img src=\"https:\/\/lufthous.es\/lh\/wp-content\/uploads\/2023\/07\/img-destacada-fuente_blue-mountain_CORALWAI-thegem-product-justified-square-xl.jpg\" width=\"700\" height=\"700\" class=\"attachment-thegem-product-justified-square-xl\" alt=\"Fuente Coral Wai Blue Mountain\" \/> <\/picture> <\/div> <div class=\"overlay \"> <div class=\"overlay-circle\"><\/div> <div class=\"links-wrapper\"> <div class=\"links\"> <div class=\"portfolio-icons\"> <a href=\"https:\/\/lufthous.es\/lh\/pf\/fuente-coral-wai-blue-mountain\/\" target=\"_self\" class=\"icon self-link \" data-elementor-open-lightbox=\"no\" aria-label=\"Fuente Coral Wai Blue Mountain\"> <i class=\"default\"><\/i> <\/a> <a href=\"javascript: void(0);\" class=\"icon share\" role=\"button\" aria-label=\"Share\"> <i class=\"default\"><\/i> <\/a> <div class=\"overlay-line\"><\/div> <div class=\"portfolio-sharing-pane\"> <div class=\"socials-sharing socials socials-colored-hover\"> <a class=\"socials-item\" target=\"_blank\" href=\"https:\/\/www.facebook.com\/sharer\/sharer.php?u=https%3A%2F%2Flufthous.es%2Flh%2Fpf%2Ffuente-coral-wai-blue-mountain%2F\" title=\"Facebook\"><i class=\"socials-item-icon facebook\"><\/i><\/a> <a class=\"socials-item\" target=\"_blank\" href=\"https:\/\/twitter.com\/intent\/tweet?text=Fuente+Coral+Wai+Blue+Mountain&#038;url=https%3A%2F%2Flufthous.es%2Flh%2Fpf%2Ffuente-coral-wai-blue-mountain%2F\" title=\"Twitter\"><i class=\"socials-item-icon twitter\"><\/i><\/a> <a class=\"socials-item\" target=\"_blank\" href=\"https:\/\/pinterest.com\/pin\/create\/button\/?url=https%3A%2F%2Flufthous.es%2Flh%2Fpf%2Ffuente-coral-wai-blue-mountain%2F&#038;description=Fuente+Coral+Wai+Blue+Mountain&#038;media=https%3A%2F%2Flufthous.es%2Flh%2Fwp-content%2Fuploads%2F2023%2F07%2Fimg-destacada-fuente_blue-mountain_CORALWAI-thegem-blog-timeline-large.jpg\" title=\"Pinterest\"><i class=\"socials-item-icon pinterest\"><\/i><\/a> <a class=\"socials-item\" target=\"_blank\" href=\"https:\/\/www.tumblr.com\/widgets\/share\/tool?canonicalUrl=https%3A%2F%2Flufthous.es%2Flh%2Fpf%2Ffuente-coral-wai-blue-mountain%2F\" title=\"Tumblr\"><i class=\"socials-item-icon tumblr\"><\/i><\/a> <a class=\"socials-item\" target=\"_blank\" href=\"https:\/\/www.linkedin.com\/shareArticle?mini=true&#038;url=https%3A%2F%2Flufthous.es%2Flh%2Fpf%2Ffuente-coral-wai-blue-mountain%2F&#038;title=Fuente+Coral+Wai+Blue+Mountain&amp;summary=%5Bvc_row+full_width%3D%26%238221%3Bstretch_row_content_no_spaces%26%238221%3B+css%3D%26%238221%3B.vc_custom_1723126346417%7Bpadding-right%3A+5%25+%21important%3Bpadding-left%3A+5%25+%21important%3B%7D%26%238221%3B%5D%5Bvc_column+width%3D%26%238221%3B1%2F2%26%238243%3B%5D%5Bvc_column_text+css%3D%26%238221%3B%26%238221%3B+css_animation%3D%26%238221%3Bbottom-to-top%26%238221%3B%5D%5B%2Fvc_column_text%5D%5B%2Fvc_column%5D%5Bvc_column+width%3D%26%238221%3B1%2F2%26%238243%3B%5D%5Bvc_column_text+css%3D%26%238221%3B.vc_custom_1723126433975%7Bpadding-top%3A+20%25+%21important%3B%7D%26%238221%3B%5D+Fuentes+Coral+Wai+Blue+Mountain+%5B%2Fvc_column_text%5D%5Bvc_column_text...\" title=\"LinkedIn\"><i class=\"socials-item-icon linkedin\"><\/i><\/a> <a class=\"socials-item\" target=\"_blank\" href=\"https:\/\/www.reddit.com\/submit?url=https%3A%2F%2Flufthous.es%2Flh%2Fpf%2Ffuente-coral-wai-blue-mountain%2F&#038;title=Fuente+Coral+Wai+Blue+Mountain\" title=\"Reddit\"><i class=\"socials-item-icon reddit\"><\/i><\/a> <\/div> <\/div> <\/div> <div class=\"caption\"> <div class=\"title title-h4\"> <span class=\" \"> Fuente Coral Wai Blue Mountain <\/span> <\/div> <div class=\"description\"> <\/div> <div class=\"info\"> <span class=\"date\">28 julio, 2023<\/span> <span class=\"set\"> <span class=\"in_text\">in<\/span> <a class=\"additional-meta\" data-filter-type=\"taxonomies\" data-attr=\"thegem_portfolios\" data-filter=\"fuentes\">Fuentes<\/a> <\/span> <\/div> <\/div> <\/div> <\/div> <\/div> <\/div> <\/div> <\/div> <div class=\"portfolio-item fuentes col-xs-12 col-sm-6 col-md-6 bigger item-animations-not-inited portfolio-item-template appearance-type-featured_image post-38552 thegem_pf_item type-thegem_pf_item status-publish has-post-thumbnail\" data-default-sort=\"64\" data-sort-date=\"1690545747\"> <div class=\"wrap clearfix\"> <div class=\"image post-38552 thegem_pf_item type-thegem_pf_item status-publish has-post-thumbnail\"> <div class=\"image-inner \"> <picture> <source srcset=\"https:\/\/lufthous.es\/lh\/wp-content\/uploads\/2023\/07\/img-destacada-fuente_grande_CORALWAI-thegem-product-justified-square-xl.jpg 1x\" sizes=\"100vw\"> <img src=\"https:\/\/lufthous.es\/lh\/wp-content\/uploads\/2023\/07\/img-destacada-fuente_grande_CORALWAI-thegem-product-justified-square-xl.jpg\" width=\"700\" height=\"700\" class=\"attachment-thegem-product-justified-square-xl\" alt=\"FUENTE CON \u00d3SMOSIS DE PIE\" \/> <\/picture> <\/div> <div class=\"overlay \"> <div class=\"overlay-circle\"><\/div> <div class=\"links-wrapper\"> <div class=\"links\"> <div class=\"portfolio-icons\"> <a href=\"https:\/\/lufthous.es\/lh\/pf\/fuente-con-osmosis-de-pie\/\" target=\"_self\" class=\"icon self-link \" data-elementor-open-lightbox=\"no\" aria-label=\"FUENTE CON \u00d3SMOSIS DE PIE\"> <i class=\"default\"><\/i> <\/a> <a href=\"javascript: void(0);\" class=\"icon share\" role=\"button\" aria-label=\"Share\"> <i class=\"default\"><\/i> <\/a> <div class=\"overlay-line\"><\/div> <div class=\"portfolio-sharing-pane\"> <div class=\"socials-sharing socials socials-colored-hover\"> <a class=\"socials-item\" target=\"_blank\" href=\"https:\/\/www.facebook.com\/sharer\/sharer.php?u=https%3A%2F%2Flufthous.es%2Flh%2Fpf%2Ffuente-con-osmosis-de-pie%2F\" title=\"Facebook\"><i class=\"socials-item-icon facebook\"><\/i><\/a> <a class=\"socials-item\" target=\"_blank\" href=\"https:\/\/twitter.com\/intent\/tweet?text=FUENTE+CON+%C3%93SMOSIS+DE+PIE&#038;url=https%3A%2F%2Flufthous.es%2Flh%2Fpf%2Ffuente-con-osmosis-de-pie%2F\" title=\"Twitter\"><i class=\"socials-item-icon twitter\"><\/i><\/a> <a class=\"socials-item\" target=\"_blank\" href=\"https:\/\/pinterest.com\/pin\/create\/button\/?url=https%3A%2F%2Flufthous.es%2Flh%2Fpf%2Ffuente-con-osmosis-de-pie%2F&#038;description=FUENTE+CON+%C3%93SMOSIS+DE+PIE&#038;media=https%3A%2F%2Flufthous.es%2Flh%2Fwp-content%2Fuploads%2F2023%2F07%2Fimg-destacada-fuente_grande_CORALWAI-thegem-blog-timeline-large.jpg\" title=\"Pinterest\"><i class=\"socials-item-icon pinterest\"><\/i><\/a> <a class=\"socials-item\" target=\"_blank\" href=\"https:\/\/www.tumblr.com\/widgets\/share\/tool?canonicalUrl=https%3A%2F%2Flufthous.es%2Flh%2Fpf%2Ffuente-con-osmosis-de-pie%2F\" title=\"Tumblr\"><i class=\"socials-item-icon tumblr\"><\/i><\/a> <a class=\"socials-item\" target=\"_blank\" href=\"https:\/\/www.linkedin.com\/shareArticle?mini=true&#038;url=https%3A%2F%2Flufthous.es%2Flh%2Fpf%2Ffuente-con-osmosis-de-pie%2F&#038;title=FUENTE+CON+%C3%93SMOSIS+DE+PIE&amp;summary=%5Bvc_row+full_width%3D%26%238221%3Bstretch_row_content_no_spaces%26%238221%3B+content_placement%3D%26%238221%3Btop%26%238221%3B%5D%5Bvc_column%5D%5Bvc_column_text%5D%5B%2Fvc_column_text%5D%5B%2Fvc_column%5D%5B%2Fvc_row%5D%5Bvc_row+css%3D%26%238221%3B.vc_custom_1638456003953%7Bpadding-right%3A+5%25+%21important%3Bpadding-left%3A+5%25+%21important%3B%7D%26%238221%3B%5D%5Bvc_column%5D%5Bvc_column_text%5D+FUENTE+CON+%C3%93SMOSIS+DE+PIE+%5B%2Fvc_column_text%5D%5Bvc_column_text%5D+LA+M%C3%81XIMA+CALIDAD+DE+AGUA+BAJO...\" title=\"LinkedIn\"><i class=\"socials-item-icon linkedin\"><\/i><\/a> <a class=\"socials-item\" target=\"_blank\" href=\"https:\/\/www.reddit.com\/submit?url=https%3A%2F%2Flufthous.es%2Flh%2Fpf%2Ffuente-con-osmosis-de-pie%2F&#038;title=FUENTE+CON+%C3%93SMOSIS+DE+PIE\" title=\"Reddit\"><i class=\"socials-item-icon reddit\"><\/i><\/a> <\/div> <\/div> <\/div> <div class=\"caption\"> <div class=\"title title-h4\"> <span class=\" \"> FUENTE CON \u00d3SMOSIS DE PIE <\/span> <\/div> <div class=\"description\"> <\/div> <div class=\"info\"> <span class=\"date\">28 julio, 2023<\/span> <span class=\"set\"> <span class=\"in_text\">in<\/span> <a class=\"additional-meta\" data-filter-type=\"taxonomies\" data-attr=\"thegem_portfolios\" data-filter=\"fuentes\">Fuentes<\/a> <\/span> <\/div> <\/div> <\/div> <\/div> <\/div> <\/div> <\/div> <\/div> <div class=\"portfolio-item fuentes col-xs-12 col-sm-6 col-md-6 bigger item-animations-not-inited portfolio-item-template appearance-type-featured_image post-38532 thegem_pf_item type-thegem_pf_item status-publish has-post-thumbnail\" data-default-sort=\"65\" data-sort-date=\"1690543991\"> <div class=\"wrap clearfix\"> <div class=\"image post-38532 thegem_pf_item type-thegem_pf_item status-publish has-post-thumbnail\"> <div class=\"image-inner \"> <picture> <source srcset=\"https:\/\/lufthous.es\/lh\/wp-content\/uploads\/2023\/07\/img-destacada-fuente_desk_CORALWAI-thegem-product-justified-square-xl.jpg 1x\" sizes=\"100vw\"> <img loading=\"lazy\" src=\"https:\/\/lufthous.es\/lh\/wp-content\/uploads\/2023\/07\/img-destacada-fuente_desk_CORALWAI-thegem-product-justified-square-xl.jpg\" width=\"700\" height=\"700\" class=\"attachment-thegem-product-justified-square-xl\" alt=\"FUENTE ULTRAFILTRACI\u00d3N DESK\" \/> <\/picture> <\/div> <div class=\"overlay \"> <div class=\"overlay-circle\"><\/div> <div class=\"links-wrapper\"> <div class=\"links\"> <div class=\"portfolio-icons\"> <a href=\"https:\/\/lufthous.es\/lh\/pf\/fuente-ultrafiltracion-desk\/\" target=\"_self\" class=\"icon self-link \" data-elementor-open-lightbox=\"no\" aria-label=\"FUENTE ULTRAFILTRACI\u00d3N DESK\"> <i class=\"default\"><\/i> <\/a> <a href=\"javascript: void(0);\" class=\"icon share\" role=\"button\" aria-label=\"Share\"> <i class=\"default\"><\/i> <\/a> <div class=\"overlay-line\"><\/div> <div class=\"portfolio-sharing-pane\"> <div class=\"socials-sharing socials socials-colored-hover\"> <a class=\"socials-item\" target=\"_blank\" href=\"https:\/\/www.facebook.com\/sharer\/sharer.php?u=https%3A%2F%2Flufthous.es%2Flh%2Fpf%2Ffuente-ultrafiltracion-desk%2F\" title=\"Facebook\"><i class=\"socials-item-icon facebook\"><\/i><\/a> <a class=\"socials-item\" target=\"_blank\" href=\"https:\/\/twitter.com\/intent\/tweet?text=FUENTE+ULTRAFILTRACI%C3%93N+DESK&#038;url=https%3A%2F%2Flufthous.es%2Flh%2Fpf%2Ffuente-ultrafiltracion-desk%2F\" title=\"Twitter\"><i class=\"socials-item-icon twitter\"><\/i><\/a> <a class=\"socials-item\" target=\"_blank\" href=\"https:\/\/pinterest.com\/pin\/create\/button\/?url=https%3A%2F%2Flufthous.es%2Flh%2Fpf%2Ffuente-ultrafiltracion-desk%2F&#038;description=FUENTE+ULTRAFILTRACI%C3%93N+DESK&#038;media=https%3A%2F%2Flufthous.es%2Flh%2Fwp-content%2Fuploads%2F2023%2F07%2Fimg-destacada-fuente_desk_CORALWAI-thegem-blog-timeline-large.jpg\" title=\"Pinterest\"><i class=\"socials-item-icon pinterest\"><\/i><\/a> <a class=\"socials-item\" target=\"_blank\" href=\"https:\/\/www.tumblr.com\/widgets\/share\/tool?canonicalUrl=https%3A%2F%2Flufthous.es%2Flh%2Fpf%2Ffuente-ultrafiltracion-desk%2F\" title=\"Tumblr\"><i class=\"socials-item-icon tumblr\"><\/i><\/a> <a class=\"socials-item\" target=\"_blank\" href=\"https:\/\/www.linkedin.com\/shareArticle?mini=true&#038;url=https%3A%2F%2Flufthous.es%2Flh%2Fpf%2Ffuente-ultrafiltracion-desk%2F&#038;title=FUENTE+ULTRAFILTRACI%C3%93N+DESK&amp;summary=%5Bvc_row+full_width%3D%26%238221%3Bstretch_row_content_no_spaces%26%238221%3B+content_placement%3D%26%238221%3Btop%26%238221%3B+css%3D%26%238221%3B.vc_custom_1695296036395%7Bmargin-top%3A+0px+%21important%3B%7D%26%238221%3B%5D%5Bvc_column%5D%5Bvc_column_text%5D%5B%2Fvc_column_text%5D%5B%2Fvc_column%5D%5B%2Fvc_row%5D%5Bvc_row+css%3D%26%238221%3B.vc_custom_1638456003953%7Bpadding-right%3A+5%25+%21important%3Bpadding-left%3A+5%25+%21important%3B%7D%26%238221%3B%5D%5Bvc_column%5D%5Bvc_column_text%5D+FUENTE+ULTRAFILTRACI%C3%93N+DESK%C2%A0+%5B%2Fvc_column_text%5D%5B%2Fvc_column%5D%5B%2Fvc_row%5D%5Bvc_row+css%3D%26%238221%3B.vc_custom_1638456012048%7Bpadding-right%3A+5%25+%21important%3Bpadding-left%3A+5%25+%21important%3B%7D%26%238221%3B%5D%5Bvc_column...\" title=\"LinkedIn\"><i class=\"socials-item-icon linkedin\"><\/i><\/a> <a class=\"socials-item\" target=\"_blank\" href=\"https:\/\/www.reddit.com\/submit?url=https%3A%2F%2Flufthous.es%2Flh%2Fpf%2Ffuente-ultrafiltracion-desk%2F&#038;title=FUENTE+ULTRAFILTRACI%C3%93N+DESK\" title=\"Reddit\"><i class=\"socials-item-icon reddit\"><\/i><\/a> <\/div> <\/div> <\/div> <div class=\"caption\"> <div class=\"title title-h4\"> <span class=\" \"> FUENTE ULTRAFILTRACI\u00d3N DESK <\/span> <\/div> <div class=\"description\"> <\/div> <div class=\"info\"> <span class=\"date\">28 julio, 2023<\/span> <span class=\"set\"> <span class=\"in_text\">in<\/span> <a class=\"additional-meta\" data-filter-type=\"taxonomies\" data-attr=\"thegem_portfolios\" data-filter=\"fuentes\">Fuentes<\/a> <\/span> <\/div> <\/div> <\/div> <\/div> <\/div> <\/div> <\/div> <\/div> <\/div><!-- .portflio-set --> <div class=\"portfolio-item-size-container\"> <div class=\"portfolio-item col-xs-12 col-sm-6 col-md-6 bigger item-animations-not-inited portfolio-item-template appearance-type-featured_image post-38532 thegem_pf_item type-thegem_pf_item status-publish has-post-thumbnail\"> <\/div> <\/div> <\/div><!-- .row--> <div class=\"portfolio-navigator gem-pagination\" style=\"display:none;\"> <a href=\"#\" role=\"button\" class=\"prev\" aria-label=\"Ant.\"> <i class=\"default\"><\/i> <\/a> <div class=\"pages\"><\/div> <a href=\"#\" role=\"button\" class=\"next\" aria-label=\"Sig.\"> <i class=\"default\"><\/i> <\/a> <\/div> <\/div><!-- .full-width --> <\/div><!-- .portfolio--> <\/div><!-- .portfolio-preloader-wrapper-->[\/vc_column][\/vc_row]<\/p>\n<\/div>","protected":false},"excerpt":{"rendered":"<p>[vc_row][vc_column][vc_column_text][\/vc_column_text][vc_column_text css=&#8221;.vc_custom_1695205167388{padding-right: 15% !important;padding-left: 15% !important;}&#8221;] Fuentes Nuestras fuentes tienen la particularidad y la novedad de llevar un sistema de&#8230;<\/p>\n","protected":false},"author":2,"featured_media":36113,"parent":25165,"menu_order":0,"comment_status":"closed","ping_status":"closed","template":"","meta":{"footnotes":""},"class_list":["post-38708","page","type-page","status-publish","has-post-thumbnail"],"_links":{"self":[{"href":"https:\/\/lufthous.es\/lh\/wp-json\/wp\/v2\/pages\/38708","targetHints":{"allow":["GET"]}}],"collection":[{"href":"https:\/\/lufthous.es\/lh\/wp-json\/wp\/v2\/pages"}],"about":[{"href":"https:\/\/lufthous.es\/lh\/wp-json\/wp\/v2\/types\/page"}],"author":[{"embeddable":true,"href":"https:\/\/lufthous.es\/lh\/wp-json\/wp\/v2\/users\/2"}],"replies":[{"embeddable":true,"href":"https:\/\/lufthous.es\/lh\/wp-json\/wp\/v2\/comments?post=38708"}],"version-history":[{"count":1,"href":"https:\/\/lufthous.es\/lh\/wp-json\/wp\/v2\/pages\/38708\/revisions"}],"predecessor-version":[{"id":38718,"href":"https:\/\/lufthous.es\/lh\/wp-json\/wp\/v2\/pages\/38708\/revisions\/38718"}],"up":[{"embeddable":true,"href":"https:\/\/lufthous.es\/lh\/wp-json\/wp\/v2\/pages\/25165"}],"wp:featuredmedia":[{"embeddable":true,"href":"https:\/\/lufthous.es\/lh\/wp-json\/wp\/v2\/media\/36113"}],"wp:attachment":[{"href":"https:\/\/lufthous.es\/lh\/wp-json\/wp\/v2\/media?parent=38708"}],"curies":[{"name":"wp","href":"https:\/\/api.w.org\/{rel}","templated":true}]}}