{"id":27307,"date":"2019-08-08T08:32:01","date_gmt":"2019-08-08T06:32:01","guid":{"rendered":"https:\/\/lufthous.es\/lh\/politica-de-privacidad\/"},"modified":"2020-04-01T10:08:32","modified_gmt":"2020-04-01T08:08:32","slug":"politica-de-privacidad","status":"publish","type":"page","link":"https:\/\/lufthous.es\/lh\/politica-de-privacidad\/?lang=pt-pt","title":{"rendered":"Pol\u00edtica de privacidade"},"content":{"rendered":"<div class=\"wpb-content-wrapper\"><p>[vc_row][vc_column][vc_column_text css=&#8221;.vc_custom_1585728505156{padding-top: 5% !important;padding-right: 15% !important;padding-left: 15% !important;}&#8221;]<\/p>\n<h2 style=\"text-align: center;\"><b>Pol\u00edtica de privacidade<\/b><\/h2>\n<p><b>Identidade do respons\u00e1vel do tratamento<\/b><\/p>\n<p><b>Titular<\/b>: LUFTHOUS SPAIN S.L.<\/p>\n<p><b>Domic\u00edlio fiscal<\/b>: C) MARGARITA, 34, 28970, HUMANES DE MADRID (MADRID)<\/p>\n<p><b>CIF<\/b>: B87039806<\/p>\n<p><b>S\u00edtio Web<\/b>: https:\/\/lufthous.es\/<\/p>\n<p><b>Email de contacto<\/b>: <a href=\"mailto:info@lufthous.es\">info@lufthous.es<\/a><\/p>\n<p><b>Telefone de contacto<\/b>: 91 144 11 79<\/p>\n<p><b>DPO:<\/b> \u00a0Jose Antonio Hernandez Revilla<\/p>\n<p>&nbsp;<\/p>\n<p>A LUFTHOUS S.L. adaptou este s\u00edtio web \u00e0s exig\u00eancias da Lei Org\u00e2nica 3\/2018, de 5 de dezembro, de Prote\u00e7\u00e3o de Dados Pessoais e garantia dos direitos digitais e ao Regulamento (UE) 2016\/679 do Parlamento Europeu e do Conselho de 27 de abril de 2016 relativo \u00e0 prote\u00e7\u00e3o das pessoas f\u00edsicas (RGPD), assim como \u00e0 Lei 34\/2002, de 11 de julho, de Servi\u00e7os da Sociedade de Informa\u00e7\u00e3o e Com\u00e9rcio Eletr\u00f3nico (LSSICE ou LSSI).<\/p>\n<p><b>Reten\u00e7\u00e3o de dados em conformidade com a LSSI<\/b><\/p>\n<p>&nbsp;<\/p>\n<p>A LUFTHOUS S.L. informa que, como prestador de servi\u00e7o de alojamento de dados e em virtude do estabelecido na Lei 34\/2002 de 11 de julho de Servi\u00e7os da Sociedade da Informa\u00e7\u00e3o e do Com\u00e9rcio Eletr\u00f3nico (LSSI), ret\u00e9m por um per\u00edodo m\u00e1ximo de 12 meses a informa\u00e7\u00e3o imprescind\u00edvel para identificar a origem dos dados alojados e o momento em que se iniciou a presta\u00e7\u00e3o do servi\u00e7o.<\/p>\n<p>&nbsp;<\/p>\n<p>A reten\u00e7\u00e3o destes dados n\u00e3o afeta o sigilo das comunica\u00e7\u00f5es e s\u00f3 poder\u00e3o ser utilizados no \u00e2mbito de uma investiga\u00e7\u00e3o criminal ou para a salvaguarda da seguran\u00e7a p\u00fablica, colocando-se \u00e0 disposi\u00e7\u00e3o dos ju\u00edzes e\/ou tribunais ou do Minist\u00e9rio que assim os requerer.<\/p>\n<p>&nbsp;<\/p>\n<p>A comunica\u00e7\u00e3o de dados \u00e0s For\u00e7as e Corpos do Estado ser\u00e1 feita em virtude do disposto na norma sobre prote\u00e7\u00e3o de dados pessoais.<\/p>\n<p>&nbsp;<\/p>\n<p><b>Recolha de dados atrav\u00e9s de www.lufthous.es<\/b><\/p>\n<p>&nbsp;<\/p>\n<p>Em conformidade com a legisla\u00e7\u00e3o de prote\u00e7\u00e3o de dados de car\u00e1ter pessoal e qualquer outra legisla\u00e7\u00e3o relevante e atual aplic\u00e1vel, o utilizador fica informado de que os dados pessoais facultados ser\u00e3o tratados pelo respons\u00e1vel unicamente para os fins descritos no respetivo formul\u00e1rio. O Utilizador tamb\u00e9m fica informado de que o facto de n\u00e3o facultar os dados que figuram nos formul\u00e1rios existentes no s\u00edtio web implica a impossibilidade de cumprir a finalidade para a qual os dados s\u00e3o recolhidos.<\/p>\n<p>&nbsp;<\/p>\n<p>A LUFTHOUS recolhe informa\u00e7\u00e3o pelas seguintes vias.<\/p>\n<p>&nbsp;<\/p>\n<p><b>Subscri\u00e7\u00e3o da Newsletter<\/b><\/p>\n<p>No caso de o Utilizador ter preenchido o formul\u00e1rio de subscri\u00e7\u00e3o da Newsletter existente no s\u00edtio web da LUFTHOUS, informamos que, de acordo com o estabelecido pela legisla\u00e7\u00e3o de prote\u00e7\u00e3o de dados, os dados de car\u00e1ter pessoal facultados ser\u00e3o tratados pela LUFTHOUS para gerir a sua subscri\u00e7\u00e3o na Newsletter para, assim, o manter informado da atividade da LUFTHOUS, baseando-se esta no consentimento do interessado, ao preencher e enviar o formul\u00e1rio e ao marcar a caixa de sele\u00e7\u00e3o, aceitando a presente Pol\u00edtica de Privacidade.<\/p>\n<p>Informamos tamb\u00e9m que os seus dados de car\u00e1ter pessoal ser\u00e3o tratados durante o tempo estritamente necess\u00e1rio para atender ao seu pedido, enquanto o Utilizador n\u00e3o revogar o seu consentimento, e sem preju\u00edzo da sua conserva\u00e7\u00e3o enquanto se mantiverem as obriga\u00e7\u00f5es legais aplic\u00e1veis \u00e0 LUFTHOUS.<\/p>\n<p>&nbsp;<\/p>\n<p><b>A respeito de todos os tratamentos<\/b><\/p>\n<p><b>Princ\u00edpios que se aplicam \u00e0 Informa\u00e7\u00e3o Pessoal<\/b><\/p>\n<p>No tratamento de dados pessoais aplicam-se os seguintes princ\u00edpios:<\/p>\n<p>&#8211; Princ\u00edpio de licitude, lealdade e transpar\u00eancia.<\/p>\n<p>&#8211; Princ\u00edpio de minimiza\u00e7\u00e3o de dados.<\/p>\n<p>&#8211; Princ\u00edpio de limita\u00e7\u00e3o do prazo de conserva\u00e7\u00e3o.<\/p>\n<p>&#8211; Princ\u00edpio de integridade e confidencialidade.<\/p>\n<p><b>Finalidade do tratamento<\/b><\/p>\n<p>Finalidade do tratamento dos dados pessoais<\/p>\n<p>O tratamento que realizamos aos dados pessoais responde \u00e0s seguintes finalidades:<\/p>\n<p>&#8211; Atender o seu pedido e proporcionar-lhe informa\u00e7\u00e3o relacionada com os servi\u00e7os prestados pela LUFTHOUS e, mais concretamente, relativa ao design, fabrica\u00e7\u00e3o e personaliza\u00e7\u00e3o de produtos relacionados com o descanso: colch\u00f5es, almofadas, <i>toppers<\/i>, camas articuladas. Concretamente, s\u00e3o recolhidos dados nos seguintes formul\u00e1rios:<span class=\"Apple-converted-space\">\u00a0<\/span><\/p>\n<p><span class=\"Apple-converted-space\">\u00a0\u00a0 \u00a0 \u00a0 \u00a0 \u00a0 <\/span>&#8211; Formul\u00e1rio \u201ccontacte-nos\u201d: cuja finalidade \u00e9 comunicar informa\u00e7\u00e3o, d\u00favidas ou reclama\u00e7\u00f5es sobre os produtos da LUFTHOUS, para o que se recolhem os seguintes dados: nome e apelidos, n\u00famero de telem\u00f3vel, documento de identifica\u00e7\u00e3o pessoal, email.<\/p>\n<p><span class=\"Apple-converted-space\">\u00a0\u00a0 \u00a0 \u00a0 \u00a0 \u00a0 <\/span>&#8211; Formul\u00e1rio \u201cquero ser distribuidor\u201d: cuja finalidade \u00e9 comunicar informa\u00e7\u00e3o para distribuir os produtos da LUFTHOUS, para o que se recolhem os seguintes dados: nome e apelidos, n\u00famero de telem\u00f3vel, empresa, email, etc.<\/p>\n<p>&#8211; Enviar comunica\u00e7\u00f5es empresariais: boletins, promo\u00e7\u00f5es e ofertas especiais e gerir a lista de subscri\u00e7\u00f5es facultadas pelo utilizador.<\/p>\n<p>&#8211; Gerir as redes sociais: o tratamento dos dados que se realizar relativamente \u00e0s pessoas que se tornem seguidoras nas redes sociais das p\u00e1ginas oficiais da LUFTHOUS ou de atividades, produtos ou servi\u00e7os da LUFTHOUS.<\/p>\n<p>No caso de iniciar o processo de contrata\u00e7\u00e3o de algum dos nossos servi\u00e7os ser\u00e1 solicitado o consentimento posterior para a respetiva finalidade.<\/p>\n<p><b>Causa legitimadora do tratamento de dados pessoais<\/b><\/p>\n<p>A base legal para o tratamento dos seus dados \u00e9 o consentimento. Ao preencher os respetivos formul\u00e1rios e marcar a caixa de sele\u00e7\u00e3o \u201caceito a<span class=\"Apple-converted-space\">\u00a0 <\/span>pol\u00edtica<span class=\"Apple-converted-space\">\u00a0 <\/span>de privacidade\u201d e clicar para enviar os dados, ou ao enviar correios eletr\u00f3nicos para <a href=\"mailto:info@lufthous.es\">info@lufthous.es<\/a> atrav\u00e9s das<span class=\"Apple-converted-space\">\u00a0 <\/span>contas disponibilizadas para o efeito, o utilizador manifesta ter lido e aceitado expressamente a presente pol\u00edtica de privacidade, prestando o seu consentimento inequ\u00edvoco e expresso para o tratamento dos seus dados pessoais de acordo com as finalidades e termos aqui indicados.<\/p>\n<p>O utilizador pode revogar a qualquer momento o consentimento prestado para o tratamento dos seus dados pessoais. A referida revoga\u00e7\u00e3o n\u00e3o ter\u00e1 car\u00e1ter retroativo.<\/p>\n<p><b>Categorias de dados pessoais tratados<\/b><\/p>\n<p>As categorias de dados que ser\u00e3o objeto de tratamento para as finalidades indicadas s\u00e3o exclusivamente os dados identificativos (Nome e apelidos, n\u00famero de identifica\u00e7\u00e3o pessoal, n\u00famero de telefone e endere\u00e7o de correio eletr\u00f3nico).<\/p>\n<p>N\u00e3o s\u00e3o tratados dados especialmente protegidos.<\/p>\n<p>Os dados de car\u00e1ter obrigat\u00f3rio ser\u00e3o distinguidos nos formul\u00e1rios de recolha de informa\u00e7\u00e3o.<span class=\"Apple-converted-space\">\u00a0 <\/span>Se o utilizador decidir n\u00e3o nos facultar algum desses dados considerados obrigat\u00f3rios, n\u00e3o poderemos cumprir a finalidade prevista e n\u00e3o ser\u00e1 realizado o tratamento de dados nem a presta\u00e7\u00e3o do respetivo servi\u00e7o.<\/p>\n<p>O Utilizador garante que os Dados Pessoais que nos facultar s\u00e3o verdadeiros e corretos e ser\u00e1 respons\u00e1vel por nos comunicar qualquer altera\u00e7\u00e3o nos mesmos.<\/p>\n<p><b>Comunica\u00e7\u00e3o de dados a terceiros<\/b><\/p>\n<p>&nbsp;<\/p>\n<p>N\u00e3o ser\u00e3o cedidos dados a terceiros, exceto por obriga\u00e7\u00e3o legal. Contudo, \u00e9 poss\u00edvel que, para a correta presta\u00e7\u00e3o dos servi\u00e7os, a LUFTHOUS deva comunicar determinados dados pessoais a terceiros que lhe prestem servi\u00e7os, exclusivamente para o correto funcionamento da empresa. Em todo o caso, estas comunica\u00e7\u00f5es de dados que poder\u00e3o ser realizadas, s\u00ea-lo-\u00e3o como servi\u00e7o de tratamento por parte dos referidos terceiros para a presta\u00e7\u00e3o de servi\u00e7os \u00e0 LUFTHOUS, o que implicar\u00e1 o acesso por parte do terceiro \u00e0 informa\u00e7\u00e3o de car\u00e1ter pessoal. Neste sentido, a LUFTHOUS contar\u00e1 com os respetivos contratos de servi\u00e7o de tratamento com os terceiros que tratem ou acedam aos dados de car\u00e1ter pessoal da LUFTHOUS, em cumprimento do estabelecido na norma de Prote\u00e7\u00e3o de Dados.<\/p>\n<p>Os dados facultados para o envio da Newsletter ser\u00e3o cedidos \u00e0 IMAGAR INFORMATICA, S.L.U., empresa de <i>hosting<\/i> cujos servidores se encontram situados em Espanha.<\/p>\n<p>Respons\u00e1vel do tratamento: IMAGAR INFORMATICA, S.L.U. &#8211; CIF: B-83.494096; Morada: c\/ Estambul, 24, nave 4 (28922) ALCORCON (Madrid). Telefone: 91.616.88.00. Correio eletr\u00f3nico: <a href=\"mailto:lopd@imagar.com\">lopd@imagar.com<\/a>. <a href=\"https:\/\/www.imagar.com\/politica-de-privacidad\">Ver pol\u00edtica de privacidade IMAGAR.<\/a><\/p>\n<p>&nbsp;<\/p>\n<p><b>Exerc\u00edcio de direitos<span class=\"Apple-converted-space\">\u00a0<\/span><\/b><\/p>\n<p>Tamb\u00e9m informamos de que possui direitos de acesso, retifica\u00e7\u00e3o, elimina\u00e7\u00e3o, oposi\u00e7\u00e3o, limita\u00e7\u00e3o do tratamento e portabilidade, relativamente aos seus dados de car\u00e1ter pessoal, assim como da possibilidade de revogar o seu consentimento, podendo exerc\u00ea-los contactando a LUFTHOUS por correio eletr\u00f3nico, enviando um email para <a href=\"mailto:info@lufthous.es\">info@lufthous.es<\/a><\/p>\n<p>&nbsp;<\/p>\n<p>O Utilizador deve ter em considera\u00e7\u00e3o que poder\u00e1 retirar o seu consentimento a qualquer momento.<\/p>\n<p>A LUFTHOUS compromete-se a atender os pedidos que lhes forem enviados por correio eletr\u00f3nico. Neste sentido, a LUFTHOUS responder\u00e1 no prazo de um m\u00eas a partir da rece\u00e7\u00e3o do pedido. N\u00e3o obstante, dever\u00e1 ter-se em considera\u00e7\u00e3o a possibilidade de prorroga\u00e7\u00e3o de dois meses atendendo \u00e0 complexidade do pedido, assim como ao n\u00famero de pedidos. A referida prorroga\u00e7\u00e3o ser\u00e1 comunicada no prazo de um m\u00eas a partir da rece\u00e7\u00e3o do pedido.<\/p>\n<p>Por \u00faltimo, especialmente quando o Utilizador n\u00e3o tiver obtido satisfa\u00e7\u00e3o no exerc\u00edcio dos seus direitos, tem direito a apresentar uma reclama\u00e7\u00e3o perante a autoridade nacional de controlo. Para esse efeito dever\u00e1 contactar a Ag\u00eancia Espanhola de Prote\u00e7\u00e3o de Dados, quer atrav\u00e9s dos meios eletr\u00f3nicos facultados pela mesma para o efeito, quer atrav\u00e9s da sua morada f\u00edsica: C\/ Jorge Juan, 6, 28001-Madrid.<\/p>\n<p>&nbsp;<\/p>\n<p><b>Manuten\u00e7\u00e3o dos dados<\/b><\/p>\n<p>O interessado compromete-se a manter os dados facultados \u00e0 LUFTHOUS devidamente atualizados. Quando os dados facultados pelo interessado forem falsos, incompletos, n\u00e3o atualizados ou inexatos, este ser\u00e1 respons\u00e1vel por qualquer preju\u00edzo, direto ou indireto, material ou imaterial, que por causa disso se possa causar a um terceiro ou \u00e0 LUFTHOUS. Esta \u00faltima reserva-se o direito de extinguir os servi\u00e7os prestados ao interessado, assim como qualquer rela\u00e7\u00e3o, sem preju\u00edzo das demais a\u00e7\u00f5es previstas na lei.<\/p>\n<p><b>Conserva\u00e7\u00e3o dos dados<\/b><\/p>\n<p>Os dados pessoais ser\u00e3o conservados enquanto durar a rela\u00e7\u00e3o comercial ou durante o tempo necess\u00e1rio para cumprir as obriga\u00e7\u00f5es legais.<\/p>\n<p>&nbsp;<\/p>\n<p><b>Uso de cookies<\/b><\/p>\n<p><a href=\"https:\/\/www.lufthous.es\/wp\/contact\/politica-de-cookies\/\">Clique <\/a>aqui para obter informa\u00e7\u00e3o sobre o uso de cookies.<\/p>\n<p>&nbsp;<\/p>\n<p><b>Seguran\u00e7a dos dados<\/b><\/p>\n<p>A LUFTHOUS adotou as medidas l\u00f3gicas, f\u00edsicas, organizacionais, contratuais, etc. que evitem o acesso de terceiros aos dados sem autoriza\u00e7\u00e3o, a destrui\u00e7\u00e3o, a altera\u00e7\u00e3o, a reprodu\u00e7\u00e3o, a divulga\u00e7\u00e3o, a transmiss\u00e3o ou a reutiliza\u00e7\u00e3o dos mesmos.<\/p>\n<p>Para isso inclu\u00edmos um certificado SSL (Emitido por: GlobalSign Domain Validation CA &#8211; SHA256 &#8211; G2). Trata-se de um protocolo de seguran\u00e7a que faz a transmiss\u00e3o dos dados entre um servidor e utilizador web e em retroalimenta\u00e7\u00e3o, \u00e9 totalmente codificada ou encriptada.<\/p>\n<p>A LUFTHOUS n\u00e3o consegue garantir a absoluta impugnabilidade da Internet e, portanto, a viola\u00e7\u00e3o dos dados atrav\u00e9s de acessos fraudulentos aos mesmos por parte de terceiros.<\/p>\n<p>Quando ocorrer uma viola\u00e7\u00e3o da seguran\u00e7a dos dados, a LUFTHOUS notificar\u00e1\u00a0a autoridade de Prote\u00e7\u00e3o de Dados competente, a menos que seja dif\u00edcil\u00a0que a viola\u00e7\u00e3o produza um risco para os direitos e liberdades dos afetados.<\/p>\n<p>Apesar disso, sempre que facultar informa\u00e7\u00e3o pessoal na Internet, existe o risco de que terceiras pessoas, cujo controlo fica fora do nosso alcance, possam intercetar esta informa\u00e7\u00e3o e utiliz\u00e1-la. Embora na LUFTHOUS nos esforcemos por proteger a informa\u00e7\u00e3o pessoal e a sua privacidade, n\u00e3o podemos garantir a seguran\u00e7a da informa\u00e7\u00e3o que facultar atrav\u00e9s da Internet e sob a sua responsabilidade.<\/p>\n<p><b>Vig\u00eancia e altera\u00e7\u00e3o da pol\u00edtica de privacidade<\/b><\/p>\n<p>A Pol\u00edtica de Privacidade estabelecida pela LUFTHOUS est\u00e1 em vigor desde a data da sua publica\u00e7\u00e3o no respetivo s\u00edtio web; o utilizador pode arquiv\u00e1-la e\/ou reproduzi-la.<span class=\"Apple-converted-space\">\u00a0<\/span><\/p>\n<p>A presente Pol\u00edtica poder\u00e1 ser alterada devido a modifica\u00e7\u00f5es nos requisitos estabelecidos pela legisla\u00e7\u00e3o vigente a cada momento, por decis\u00f5es judiciais e altera\u00e7\u00f5es jurisprudenciais, assim como por altera\u00e7\u00f5es na atua\u00e7\u00e3o e estrat\u00e9gia empresarial da LUFTHOUS. A publica\u00e7\u00e3o e acesso por parte dos utilizadores ser\u00e1 realizada atrav\u00e9s deste mesmo s\u00edtio web, entendendo-se que as rela\u00e7\u00f5es estabelecidas com os mesmos previamente \u00e0 altera\u00e7\u00e3o ser\u00e3o regidas pelas normas previstas no momento em que se acedeu ao s\u00edtio web para o seu estabelecimento.[\/vc_column_text][\/vc_column][\/vc_row]<\/p>\n<\/div>","protected":false},"excerpt":{"rendered":"<p>[vc_row][vc_column][vc_column_text css=&#8221;.vc_custom_1585728505156{padding-top: 5% !important;padding-right: 15% !important;padding-left: 15% !important;}&#8221;] Pol\u00edtica de privacidade Identidade do respons\u00e1vel do tratamento Titular: LUFTHOUS SPAIN S.L&#8230;.<\/p>\n","protected":false},"author":3,"featured_media":0,"parent":0,"menu_order":0,"comment_status":"closed","ping_status":"closed","template":"","meta":{"footnotes":""},"class_list":["post-27307","page","type-page","status-publish"],"_links":{"self":[{"href":"https:\/\/lufthous.es\/lh\/wp-json\/wp\/v2\/pages\/27307","targetHints":{"allow":["GET"]}}],"collection":[{"href":"https:\/\/lufthous.es\/lh\/wp-json\/wp\/v2\/pages"}],"about":[{"href":"https:\/\/lufthous.es\/lh\/wp-json\/wp\/v2\/types\/page"}],"author":[{"embeddable":true,"href":"https:\/\/lufthous.es\/lh\/wp-json\/wp\/v2\/users\/3"}],"replies":[{"embeddable":true,"href":"https:\/\/lufthous.es\/lh\/wp-json\/wp\/v2\/comments?post=27307"}],"version-history":[{"count":3,"href":"https:\/\/lufthous.es\/lh\/wp-json\/wp\/v2\/pages\/27307\/revisions"}],"predecessor-version":[{"id":27316,"href":"https:\/\/lufthous.es\/lh\/wp-json\/wp\/v2\/pages\/27307\/revisions\/27316"}],"wp:attachment":[{"href":"https:\/\/lufthous.es\/lh\/wp-json\/wp\/v2\/media?parent=27307"}],"curies":[{"name":"wp","href":"https:\/\/api.w.org\/{rel}","templated":true}]}}