{"id":25757,"date":"2019-08-23T10:15:22","date_gmt":"2019-08-23T08:15:22","guid":{"rendered":"https:\/\/lufthous.es\/lh\/?page_id=25757"},"modified":"2019-08-23T11:14:31","modified_gmt":"2019-08-23T09:14:31","slug":"solicitud-claves-de-acceso-profesionales","status":"publish","type":"page","link":"https:\/\/lufthous.es\/lh\/solicitud-claves-de-acceso-profesionales\/","title":{"rendered":"Solicitud claves de acceso profesionales"},"content":{"rendered":"<div class=\"wpb-content-wrapper\"><p>[vc_row][vc_column][vc_column_text]<\/p>\n<h1>\u00a1Conecte con LUFTHOUS!<\/h1>\n<p>LUFTHOUS permite acceder a informaci\u00f3n especializada solo apta para los profesionales de la distribuci\u00f3n de productos sanitarios como usted. Es r\u00e1pido, sencillo, seguro y proporciona acceso a websites de LUFTHOUS sin necesidad de registrarse de nuevo.[\/vc_column_text][\/vc_column][\/vc_row][vc_row css=&#8221;.vc_custom_1566551669217{padding-right: 20% !important;padding-left: 20% !important;}&#8221;][vc_column][vc_column_text]<\/p>\n<p style=\"text-align: center;\"><div class=\"wpforms-container wpforms-container-full\" id=\"wpforms-25768\"><form id=\"wpforms-form-25768\" class=\"wpforms-validate wpforms-form\" data-formid=\"25768\" method=\"post\" enctype=\"multipart\/form-data\" action=\"\/lh\/wp-json\/wp\/v2\/pages\/25757\" data-token=\"a93aa83f7c97a91d8db3a8d25ab6865d\" data-token-time=\"1778688163\"><noscript class=\"wpforms-error-noscript\">Por favor, activa JavaScript en tu navegador para completar este formulario.<\/noscript><div class=\"wpforms-field-container\"><div id=\"wpforms-25768-field_0-container\" class=\"wpforms-field wpforms-field-name\" data-field-id=\"0\"><label class=\"wpforms-field-label\">Nombre <span class=\"wpforms-required-label\">*<\/span><\/label><div class=\"wpforms-field-row wpforms-field-large\"><div class=\"wpforms-field-row-block wpforms-first wpforms-one-half\"><input type=\"text\" id=\"wpforms-25768-field_0\" class=\"wpforms-field-name-first wpforms-field-required\" name=\"wpforms[fields][0][first]\" required><label for=\"wpforms-25768-field_0\" class=\"wpforms-field-sublabel after\">Nombre<\/label><\/div><div class=\"wpforms-field-row-block wpforms-one-half\"><input type=\"text\" id=\"wpforms-25768-field_0-last\" class=\"wpforms-field-name-last wpforms-field-required\" name=\"wpforms[fields][0][last]\" required><label for=\"wpforms-25768-field_0-last\" class=\"wpforms-field-sublabel after\">Apellidos<\/label><\/div><\/div><\/div><div id=\"wpforms-25768-field_16-container\" class=\"wpforms-field wpforms-field-email\" data-field-id=\"16\"><label class=\"wpforms-field-label\" for=\"wpforms-25768-field_16\">Tel\u00e9fono <span class=\"wpforms-required-label\">*<\/span><\/label><input type=\"email\" id=\"wpforms-25768-field_16\" class=\"wpforms-field-small wpforms-field-required\" name=\"wpforms[fields][16]\" spellcheck=\"false\" required><\/div><div id=\"wpforms-25768-field_1-container\" class=\"wpforms-field wpforms-field-email\" data-field-id=\"1\"><label class=\"wpforms-field-label\" for=\"wpforms-25768-field_1\">Correo electr\u00f3nico <span class=\"wpforms-required-label\">*<\/span><\/label><input type=\"email\" id=\"wpforms-25768-field_1\" class=\"wpforms-field-medium wpforms-field-required\" name=\"wpforms[fields][1]\" spellcheck=\"false\" required><\/div><div id=\"wpforms-25768-field_7-container\" class=\"wpforms-field wpforms-field-select wpforms-field-select-style-classic\" data-field-id=\"7\"><label class=\"wpforms-field-label\" for=\"wpforms-25768-field_7\">Profesi\u00f3n <span class=\"wpforms-required-label\">*<\/span><\/label><select id=\"wpforms-25768-field_7\" class=\"wpforms-field-medium wpforms-field-required\" name=\"wpforms[fields][7]\" required=\"required\"><option value=\"Distribuidor\"  class=\"choice-1 depth-1\"  >Distribuidor<\/option><option value=\"Profesional Sanitario\"  class=\"choice-2 depth-1\"  >Profesional Sanitario<\/option><option value=\"Mayorista\"  class=\"choice-3 depth-1\"  >Mayorista<\/option><option value=\"Otro\"  class=\"choice-4 depth-1\"  >Otro<\/option><\/select><\/div><div id=\"wpforms-25768-field_8-container\" class=\"wpforms-field wpforms-field-text\" data-field-id=\"8\"><label class=\"wpforms-field-label\" for=\"wpforms-25768-field_8\">Si ha seleccionado &quot;Otro&quot;, indique cual:<\/label><input type=\"text\" id=\"wpforms-25768-field_8\" class=\"wpforms-field-medium\" name=\"wpforms[fields][8]\" ><\/div><div id=\"wpforms-25768-field_4-container\" class=\"wpforms-field wpforms-field-text\" data-field-id=\"4\"><label class=\"wpforms-field-label\" for=\"wpforms-25768-field_4\">Empresa <span class=\"wpforms-required-label\">*<\/span><\/label><input type=\"text\" id=\"wpforms-25768-field_4\" class=\"wpforms-field-medium wpforms-field-required\" name=\"wpforms[fields][4]\" required><\/div><div id=\"wpforms-25768-field_9-container\" class=\"wpforms-field wpforms-field-text\" data-field-id=\"9\"><label class=\"wpforms-field-label\" for=\"wpforms-25768-field_9\">Direcci\u00f3n <span class=\"wpforms-required-label\">*<\/span><\/label><input type=\"text\" id=\"wpforms-25768-field_9\" class=\"wpforms-field-medium wpforms-field-required\" name=\"wpforms[fields][9]\" required><\/div><div id=\"wpforms-25768-field_10-container\" class=\"wpforms-field wpforms-field-text\" data-field-id=\"10\"><label class=\"wpforms-field-label\" for=\"wpforms-25768-field_10\">Localidad <span class=\"wpforms-required-label\">*<\/span><\/label><input type=\"text\" id=\"wpforms-25768-field_10\" class=\"wpforms-field-medium wpforms-field-required\" name=\"wpforms[fields][10]\" required><\/div><div id=\"wpforms-25768-field_11-container\" class=\"wpforms-field wpforms-field-text\" data-field-id=\"11\"><label class=\"wpforms-field-label\" for=\"wpforms-25768-field_11\">Provincia <span class=\"wpforms-required-label\">*<\/span><\/label><input type=\"text\" id=\"wpforms-25768-field_11\" class=\"wpforms-field-medium wpforms-field-required\" name=\"wpforms[fields][11]\" required><\/div><div id=\"wpforms-25768-field_12-container\" class=\"wpforms-field wpforms-field-text\" data-field-id=\"12\"><label class=\"wpforms-field-label\" for=\"wpforms-25768-field_12\">C\u00f3digo Postal <span class=\"wpforms-required-label\">*<\/span><\/label><input type=\"text\" id=\"wpforms-25768-field_12\" class=\"wpforms-field-small wpforms-field-required\" name=\"wpforms[fields][12]\" required><\/div><div id=\"wpforms-25768-field_13-container\" class=\"wpforms-field wpforms-field-select wpforms-field-select-style-classic\" data-field-id=\"13\"><label class=\"wpforms-field-label\" for=\"wpforms-25768-field_13\">\u00c1reas de inter\u00e9s \u00bfSobre que temas desea recibir informaci\u00f3n?: <span class=\"wpforms-required-label\">*<\/span><\/label><select id=\"wpforms-25768-field_13\" class=\"wpforms-field-medium wpforms-field-required\" name=\"wpforms[fields][13]\" required=\"required\"><option value=\"Informaci\u00f3n profesionales\"  class=\"choice-1 depth-1\"  >Informaci\u00f3n profesionales<\/option><option value=\"Productos sanitarios\"  class=\"choice-2 depth-1\"  >Productos sanitarios<\/option><option value=\"Nuevos productos\"  class=\"choice-3 depth-1\"  >Nuevos productos<\/option><option value=\"Noticias\"  class=\"choice-4 depth-1\"  >Noticias<\/option><option value=\"Formaci\u00f3n\"  class=\"choice-5 depth-1\"  >Formaci\u00f3n<\/option><\/select><\/div><div id=\"wpforms-25768-field_14-container\" class=\"wpforms-field wpforms-field-textarea\" data-field-id=\"14\"><label class=\"wpforms-field-label\" for=\"wpforms-25768-field_14\">Mensaje<\/label><textarea id=\"wpforms-25768-field_14\" class=\"wpforms-field-medium\" name=\"wpforms[fields][14]\" ><\/textarea><\/div><div id=\"wpforms-25768-field_6-container\" class=\"wpforms-field wpforms-field-gdpr-checkbox\" data-field-id=\"6\"><label class=\"wpforms-field-label\">Consentimiento GDPR  <span class=\"wpforms-required-label\">*<\/span><\/label><ul id=\"wpforms-25768-field_6\" class=\"wpforms-field-required\"><li class=\"choice-1\"><input type=\"checkbox\" id=\"wpforms-25768-field_6_1\" name=\"wpforms[fields][6][]\" value=\"Si, autorizo a que se utilice los datos facilitados con fines publicitarios o promocionales directamente relacionados con nuestra actividad.\" required ><label class=\"wpforms-field-label-inline\" for=\"wpforms-25768-field_6_1\">Si, autorizo a que se utilice los datos facilitados con fines publicitarios o promocionales directamente relacionados con nuestra actividad.<\/label><\/li><\/ul><div class=\"wpforms-field-description\">De acuerdo con el Reglamento UE 2016\/679 relativo a la protecci\u00f3n de las personas f\u00edsicas en lo que respecta al tratamiento de datos personales y a la libre circulaci\u00f3n de estos datos (RGPD), le informamos de que los datos personales suministrados a trav\u00e9s del presente documento ser\u00e1n incorporados a un registro titularidad de LUFTHOUS SPAIN, S.L. La finalidad del tratamiento de tales datos es suministrarle informaci\u00f3n actualizada de nuestros productos . La causa que legitima este tratamiento de datos es el consentimiento. Los destinarios de estos datos son LUFHTOUS SPAIN, S.L. con el objeto de mantenerle al d\u00eda de las novedades del producto. Los datos no ser\u00e1n transmitidos a terceros salvo autorizaci\u00f3n expresa u obligaci\u00f3n legal. Los datos proporcionados se conservar\u00e1n mientras se mantenga la relaci\u00f3n profesional o durante los a\u00f1os necesarios para cumplir con las obligaciones legales.\r\n\r\nUsted puede ejercer los derechos de acceso, rectificaci\u00f3n, supresi\u00f3n (derecho al olvido), limitaci\u00f3n en el tratamiento, portabilidad y oposici\u00f3n que le otorga la legislaci\u00f3n solicit\u00e1ndolo a trav\u00e9s de la siguiente direcci\u00f3n: CL MARGARITA, 34 \u2013 28970 HUMANES DE MADRID (MADRID) adjuntando una fotocopia de su DNI, o a trav\u00e9s de la direcci\u00f3n de correo electr\u00f3nico: info@lufthous.es.<\/div><\/div><\/div><!-- .wpforms-field-container --><div class=\"wpforms-field wpforms-field-hp\"><label for=\"wpforms-25768-field-hp\" class=\"wpforms-field-label\">Comment<\/label><input type=\"text\" name=\"wpforms[hp]\" id=\"wpforms-25768-field-hp\" class=\"wpforms-field-medium\"><\/div><div class=\"wpforms-submit-container\" ><input type=\"hidden\" name=\"wpforms[id]\" value=\"25768\"><input type=\"hidden\" name=\"page_title\" value=\"\"><input type=\"hidden\" name=\"page_url\" value=\"https:\/\/lufthous.es\/lh\/wp-json\/wp\/v2\/pages\/25757\"><input type=\"hidden\" name=\"url_referer\" value=\"\"><button type=\"submit\" name=\"wpforms[submit]\" id=\"wpforms-submit-25768\" class=\"wpforms-submit\" data-alt-text=\"Enviando...\" data-submit-text=\"Enviar\" aria-live=\"assertive\" value=\"wpforms-submit\">Enviar<\/button><\/div><\/form><\/div>  <!-- .wpforms-container --><\/p>\n<p>[\/vc_column_text][\/vc_column][\/vc_row]<\/p>\n<\/div>","protected":false},"excerpt":{"rendered":"<p>[vc_row][vc_column][vc_column_text] \u00a1Conecte con LUFTHOUS! LUFTHOUS permite acceder a informaci\u00f3n especializada solo apta para los profesionales de la distribuci\u00f3n de productos&#8230;<\/p>\n","protected":false},"author":3,"featured_media":0,"parent":0,"menu_order":0,"comment_status":"closed","ping_status":"closed","template":"","meta":{"footnotes":""},"class_list":["post-25757","page","type-page","status-publish"],"_links":{"self":[{"href":"https:\/\/lufthous.es\/lh\/wp-json\/wp\/v2\/pages\/25757","targetHints":{"allow":["GET"]}}],"collection":[{"href":"https:\/\/lufthous.es\/lh\/wp-json\/wp\/v2\/pages"}],"about":[{"href":"https:\/\/lufthous.es\/lh\/wp-json\/wp\/v2\/types\/page"}],"author":[{"embeddable":true,"href":"https:\/\/lufthous.es\/lh\/wp-json\/wp\/v2\/users\/3"}],"replies":[{"embeddable":true,"href":"https:\/\/lufthous.es\/lh\/wp-json\/wp\/v2\/comments?post=25757"}],"version-history":[{"count":4,"href":"https:\/\/lufthous.es\/lh\/wp-json\/wp\/v2\/pages\/25757\/revisions"}],"predecessor-version":[{"id":25771,"href":"https:\/\/lufthous.es\/lh\/wp-json\/wp\/v2\/pages\/25757\/revisions\/25771"}],"wp:attachment":[{"href":"https:\/\/lufthous.es\/lh\/wp-json\/wp\/v2\/media?parent=25757"}],"curies":[{"name":"wp","href":"https:\/\/api.w.org\/{rel}","templated":true}]}}