{"id":25168,"date":"2019-07-25T20:41:50","date_gmt":"2019-07-25T18:41:50","guid":{"rendered":"https:\/\/lufthous.es\/lh\/?page_id=25168"},"modified":"2023-09-21T13:06:48","modified_gmt":"2023-09-21T11:06:48","slug":"soluciones-limpieza","status":"publish","type":"page","link":"https:\/\/lufthous.es\/lh\/productos\/water\/soluciones-limpieza\/","title":{"rendered":"SOLUCIONES LIMPIEZA"},"content":{"rendered":"<div class=\"wpb-content-wrapper\"><p>[vc_row][vc_column][vc_column_text css=&#8221;.vc_custom_1695205348505{padding-right: 15% !important;padding-left: 15% !important;}&#8221;]<\/p>\n<h2 style=\"text-align: center;\">Limpieza innovadora<\/h2>\n<div>\n<p>Tecnolog\u00eda y respeto por el medio ambiente aplicando ozono en el agua que utilizas en la limpieza de tu hogar y de tu ropa. Prescinde de detergentes y otros productos qu\u00edmicos, con un gran ahorro econ\u00f3mico y energ\u00e9tico. Notar\u00e1s los resultados de inmediato<\/p>\n<\/div>\n<p>[\/vc_column_text]<style>.portfolio.portfolio-grid#style-2cf7c64 .portfolio-item:not(.size-item), .preloader#style-preloader-2cf7c64 .portfolio-item { padding: calc(42px\/2) !important; }.portfolio.portfolio-grid#style-2cf7c64 .portfolio-item.size-item { padding: 0 calc(42px\/2) !important; }.portfolio.portfolio-grid#style-2cf7c64 .portfolio-row, .preloader#style-preloader-2cf7c64 .skeleton-posts.portfolio-row { margin: calc(-42px\/2); }.portfolio.portfolio-grid#style-2cf7c64.fullwidth-columns .portfolio-row { margin: calc(-42px\/2) 0; }.portfolio.portfolio-grid#style-2cf7c64 .fullwidth-block:not(.no-paddings) { padding-left: 42px; padding-right: 42px; }.portfolio.portfolio-grid#style-2cf7c64 .fullwidth-block .portfolio-row { padding-left: calc(42px\/2); padding-right: calc(42px\/2); }.portfolio.portfolio-grid#style-2cf7c64 .fullwidth-block .portfolio-top-panel { padding-left: 42px; padding-right: 42px; }.portfolio.portfolio-grid#style-2cf7c64.fullwidth-columns .with-filter-sidebar .filter-sidebar { padding-left: 42px; }.portfolio.portfolio-grid#style-2cf7c64 .portfolio-item .caption .title span { letter-spacing: px !important; }<\/style><style>.portfolio.portfolio-grid#style-2cf7c64 .portfolio-filters { text-align: center; }<\/style> <div class=\"portfolio-preloader-wrapper panel-sidebar-position-left\"> <div class=\"portfolio portfolio-grid extended-portfolio-grid no-padding portfolio-pagination-normal portfolio-style-justified background-style-white title-style-light hover-default title-on-hover hover-elements-size-default version-default caption-position-hover loading-animation item-animation-move-up hover-title columns-2 columns-tablet-2 columns-mobile-1 disable-isotope next-page-preloading \" id=\"style-2cf7c64\" data-style-uid=\"2cf7c64\" data-portfolio-uid=\"grid_414361f\" data-current-page=\"1\" data-per-page=\"8\" data-next-page=\"0\" data-pages-count=\"1\" data-hover=\"default\" data-portfolio-filter=\"[]\" data-portfolio-filter-attributes=\"null\" data-portfolio-filter-search=\"\"> <div class=\"portfolio-row-outer \"> <div class=\"portfolio-top-panel filter-type-default selected-only\"> <div class=\"portfolio-top-panel-row filter-style-buttons\"> <div class=\"portfolio-top-panel-left\"><div class=\"portfolio-filter-item portfolio-selected-filters left\"> <div class=\"portfolio-selected-filter-item clear-filters\"> Clear Filters\t<\/div> <\/div> <\/div> <div class=\"portfolio-top-panel-right\"> <\/div> <\/div> <\/div> <div class=\"row portfolio-row\"> <div class=\"portfolio-set clearfix\" data-max-row-height=\"380\"> <div class=\"portfolio-item soluciones-limpieza col-xs-12 col-sm-6 col-md-6 bigger item-animations-not-inited portfolio-item-template appearance-type-featured_image post-38512 thegem_pf_item type-thegem_pf_item status-publish has-post-thumbnail\" data-default-sort=\"67\" data-sort-date=\"1690541863\"> <div class=\"wrap clearfix\"> <div class=\"image post-38512 thegem_pf_item type-thegem_pf_item status-publish has-post-thumbnail\"> <div class=\"image-inner \"> <picture> <source srcset=\"https:\/\/lufthous.es\/lh\/wp-content\/uploads\/2023\/07\/img-destacada-kit-limpieza_CORALWAI-thegem-product-justified-square-xl.jpg 1x\" sizes=\"100vw\"> <img fetchpriority=\"high\" src=\"https:\/\/lufthous.es\/lh\/wp-content\/uploads\/2023\/07\/img-destacada-kit-limpieza_CORALWAI-thegem-product-justified-square-xl.jpg\" width=\"700\" height=\"700\" class=\"attachment-thegem-product-justified-square-xl\" alt=\"KIT DE LIMPIEZA O3\" \/> <\/picture> <\/div> <div class=\"overlay \"> <div class=\"overlay-circle\"><\/div> <div class=\"links-wrapper\"> <div class=\"links\"> <div class=\"portfolio-icons\"> <a href=\"https:\/\/lufthous.es\/lh\/pf\/kit-de-limpieza-o3\/\" target=\"_self\" class=\"icon self-link \" data-elementor-open-lightbox=\"no\" aria-label=\"KIT DE LIMPIEZA O3\"> <i class=\"default\"><\/i> <\/a> <a href=\"javascript: void(0);\" class=\"icon share\" role=\"button\" aria-label=\"Share\"> <i class=\"default\"><\/i> <\/a> <div class=\"overlay-line\"><\/div> <div class=\"portfolio-sharing-pane\"> <div class=\"socials-sharing socials socials-colored-hover\"> <a class=\"socials-item\" target=\"_blank\" href=\"https:\/\/www.facebook.com\/sharer\/sharer.php?u=https%3A%2F%2Flufthous.es%2Flh%2Fpf%2Fkit-de-limpieza-o3%2F\" title=\"Facebook\"><i class=\"socials-item-icon facebook\"><\/i><\/a> <a class=\"socials-item\" target=\"_blank\" href=\"https:\/\/twitter.com\/intent\/tweet?text=KIT+DE+LIMPIEZA+O3&#038;url=https%3A%2F%2Flufthous.es%2Flh%2Fpf%2Fkit-de-limpieza-o3%2F\" title=\"Twitter\"><i class=\"socials-item-icon twitter\"><\/i><\/a> <a class=\"socials-item\" target=\"_blank\" href=\"https:\/\/pinterest.com\/pin\/create\/button\/?url=https%3A%2F%2Flufthous.es%2Flh%2Fpf%2Fkit-de-limpieza-o3%2F&#038;description=KIT+DE+LIMPIEZA+O3&#038;media=https%3A%2F%2Flufthous.es%2Flh%2Fwp-content%2Fuploads%2F2023%2F07%2Fimg-destacada-kit-limpieza_CORALWAI-thegem-blog-timeline-large.jpg\" title=\"Pinterest\"><i class=\"socials-item-icon pinterest\"><\/i><\/a> <a class=\"socials-item\" target=\"_blank\" href=\"https:\/\/www.tumblr.com\/widgets\/share\/tool?canonicalUrl=https%3A%2F%2Flufthous.es%2Flh%2Fpf%2Fkit-de-limpieza-o3%2F\" title=\"Tumblr\"><i class=\"socials-item-icon tumblr\"><\/i><\/a> <a class=\"socials-item\" target=\"_blank\" href=\"https:\/\/www.linkedin.com\/shareArticle?mini=true&#038;url=https%3A%2F%2Flufthous.es%2Flh%2Fpf%2Fkit-de-limpieza-o3%2F&#038;title=KIT+DE+LIMPIEZA+O3&amp;summary=%5Bvc_row+full_width%3D%26%238221%3Bstretch_row_content_no_spaces%26%238221%3B+content_placement%3D%26%238221%3Btop%26%238221%3B%5D%5Bvc_column%5D%5Bvc_column_text%5D%5B%2Fvc_column_text%5D%5B%2Fvc_column%5D%5B%2Fvc_row%5D%5Bvc_row+css%3D%26%238221%3B.vc_custom_1638462743682%7Bpadding-left%3A+5%25+%21important%3B%7D%26%238221%3B%5D%5Bvc_column+width%3D%26%238221%3B2%2F3%26%238243%3B%5D%5Bvc_column_text+css%3D%26%238221%3B.vc_custom_1646815275875%7Bpadding-top%3A+10%25+%21important%3B%7D%26%238221%3B%5D+KIT+DE+LIMPIEZA+O3+%5B%2Fvc_column_text%5D%5Bvc_column_text%5D+Agua+ozonizada+ilimitada+%5B%2Fvc_column_text%5D%5Bvc_column_text+css_animation%3D%26%238221%3Bbottom-to-top%26%238221%3B...\" title=\"LinkedIn\"><i class=\"socials-item-icon linkedin\"><\/i><\/a> <a class=\"socials-item\" target=\"_blank\" href=\"https:\/\/www.reddit.com\/submit?url=https%3A%2F%2Flufthous.es%2Flh%2Fpf%2Fkit-de-limpieza-o3%2F&#038;title=KIT+DE+LIMPIEZA+O3\" title=\"Reddit\"><i class=\"socials-item-icon reddit\"><\/i><\/a> <\/div> <\/div> <\/div> <div class=\"caption\"> <div class=\"title title-h4\"> <span class=\" \"> KIT DE LIMPIEZA O3 <\/span> <\/div> <div class=\"description\"> <\/div> <div class=\"info\"> <span class=\"date\">28 julio, 2023<\/span> <span class=\"set\"> <span class=\"in_text\">in<\/span> <a class=\"additional-meta\" data-filter-type=\"taxonomies\" data-attr=\"thegem_portfolios\" data-filter=\"soluciones-limpieza\">Soluciones limpieza<\/a> <\/span> <\/div> <\/div> <\/div> <\/div> <\/div> <\/div> <\/div> <\/div> <div class=\"portfolio-item gama-ozonos soluciones-limpieza water col-xs-12 col-sm-6 col-md-6 bigger item-animations-not-inited portfolio-item-template appearance-type-featured_image post-46859 thegem_pf_item type-thegem_pf_item status-publish has-post-thumbnail\" data-default-sort=\"73\" data-sort-date=\"1726753275\"> <div class=\"wrap clearfix\"> <div class=\"image post-46859 thegem_pf_item type-thegem_pf_item status-publish has-post-thumbnail\"> <div class=\"image-inner \"> <picture> <source srcset=\"https:\/\/lufthous.es\/lh\/wp-content\/uploads\/2024\/09\/img-destacada-ozono-oko-ozean-silurus-thegem-product-justified-square-xl.jpg 1x\" sizes=\"100vw\"> <img src=\"https:\/\/lufthous.es\/lh\/wp-content\/uploads\/2024\/09\/img-destacada-ozono-oko-ozean-silurus-thegem-product-justified-square-xl.jpg\" width=\"700\" height=\"700\" class=\"attachment-thegem-product-justified-square-xl\" alt=\"SILURUS\" \/> <\/picture> <\/div> <div class=\"overlay \"> <div class=\"overlay-circle\"><\/div> <div class=\"links-wrapper\"> <div class=\"links\"> <div class=\"portfolio-icons\"> <a href=\"https:\/\/lufthous.es\/lh\/pf\/silurus\/\" target=\"_self\" class=\"icon self-link \" data-elementor-open-lightbox=\"no\" aria-label=\"SILURUS\"> <i class=\"default\"><\/i> <\/a> <a href=\"javascript: void(0);\" class=\"icon share\" role=\"button\" aria-label=\"Share\"> <i class=\"default\"><\/i> <\/a> <div class=\"overlay-line\"><\/div> <div class=\"portfolio-sharing-pane\"> <div class=\"socials-sharing socials socials-colored-hover\"> <a class=\"socials-item\" target=\"_blank\" href=\"https:\/\/www.facebook.com\/sharer\/sharer.php?u=https%3A%2F%2Flufthous.es%2Flh%2Fpf%2Fsilurus%2F\" title=\"Facebook\"><i class=\"socials-item-icon facebook\"><\/i><\/a> <a class=\"socials-item\" target=\"_blank\" href=\"https:\/\/twitter.com\/intent\/tweet?text=SILURUS&#038;url=https%3A%2F%2Flufthous.es%2Flh%2Fpf%2Fsilurus%2F\" title=\"Twitter\"><i class=\"socials-item-icon twitter\"><\/i><\/a> <a class=\"socials-item\" target=\"_blank\" href=\"https:\/\/pinterest.com\/pin\/create\/button\/?url=https%3A%2F%2Flufthous.es%2Flh%2Fpf%2Fsilurus%2F&#038;description=SILURUS&#038;media=https%3A%2F%2Flufthous.es%2Flh%2Fwp-content%2Fuploads%2F2024%2F09%2Fimg-destacada-ozono-oko-ozean-silurus-thegem-blog-timeline-large.jpg\" title=\"Pinterest\"><i class=\"socials-item-icon pinterest\"><\/i><\/a> <a class=\"socials-item\" target=\"_blank\" href=\"https:\/\/www.tumblr.com\/widgets\/share\/tool?canonicalUrl=https%3A%2F%2Flufthous.es%2Flh%2Fpf%2Fsilurus%2F\" title=\"Tumblr\"><i class=\"socials-item-icon tumblr\"><\/i><\/a> <a class=\"socials-item\" target=\"_blank\" href=\"https:\/\/www.linkedin.com\/shareArticle?mini=true&#038;url=https%3A%2F%2Flufthous.es%2Flh%2Fpf%2Fsilurus%2F&#038;title=SILURUS&amp;summary=%5Bvc_row+full_width%3D%26%238221%3Bstretch_row_content_no_spaces%26%238221%3B+css%3D%26%238221%3B.vc_custom_1723198949738%7Bpadding-right%3A+5%25+%21important%3Bpadding-left%3A+5%25+%21important%3B%7D%26%238221%3B%5D%5Bvc_column+width%3D%26%238221%3B1%2F2%26%238243%3B%5D%5Bvc_column_text+css%3D%26%238221%3B%26%238221%3B+css_animation%3D%26%238221%3Bbottom-to-top%26%238221%3B%5D%5B%2Fvc_column_text%5D%5B%2Fvc_column%5D%5Bvc_column+width%3D%26%238221%3B1%2F2%26%238243%3B%5D%5Bvc_column_text+css%3D%26%238221%3B.vc_custom_1726218033618%7Bpadding-top%3A+10%25+%21important%3B%7D%26%238221%3B%5D+Silurus+%C3%9Altima+tecnolog%C3%ADa+para+la+limpieza...\" title=\"LinkedIn\"><i class=\"socials-item-icon linkedin\"><\/i><\/a> <a class=\"socials-item\" target=\"_blank\" href=\"https:\/\/www.reddit.com\/submit?url=https%3A%2F%2Flufthous.es%2Flh%2Fpf%2Fsilurus%2F&#038;title=SILURUS\" title=\"Reddit\"><i class=\"socials-item-icon reddit\"><\/i><\/a> <\/div> <\/div> <\/div> <div class=\"caption\"> <div class=\"title title-h4\"> <span class=\" \"> SILURUS <\/span> <\/div> <div class=\"description\"> <\/div> <div class=\"info\"> <span class=\"date\">19 septiembre, 2024<\/span> <span class=\"set\"> <span class=\"in_text\">in<\/span> <a class=\"additional-meta\" data-filter-type=\"taxonomies\" data-attr=\"thegem_portfolios\" data-filter=\"gama-ozonos\">GAMA OZONOS<\/a>, <a class=\"additional-meta\" data-filter-type=\"taxonomies\" data-attr=\"thegem_portfolios\" data-filter=\"soluciones-limpieza\">Soluciones limpieza<\/a>, <a class=\"additional-meta\" data-filter-type=\"taxonomies\" data-attr=\"thegem_portfolios\" data-filter=\"water\">water<\/a> <\/span> <\/div> <\/div> <\/div> <\/div> <\/div> <\/div> <\/div> <\/div> <div class=\"portfolio-item gama-ozonos soluciones-limpieza water col-xs-12 col-sm-6 col-md-6 bigger item-animations-not-inited portfolio-item-template appearance-type-featured_image post-35151 thegem_pf_item type-thegem_pf_item status-publish has-post-thumbnail\" data-default-sort=\"74\" data-sort-date=\"1632755402\"> <div class=\"wrap clearfix\"> <div class=\"image post-35151 thegem_pf_item type-thegem_pf_item status-publish has-post-thumbnail\"> <div class=\"image-inner \"> <picture> <source srcset=\"https:\/\/lufthous.es\/lh\/wp-content\/uploads\/2021\/09\/img-destacada-ozono-oko-ozean-pacific_lufthous-1-thegem-product-justified-square-xl.jpg 1x\" sizes=\"100vw\"> <img src=\"https:\/\/lufthous.es\/lh\/wp-content\/uploads\/2021\/09\/img-destacada-ozono-oko-ozean-pacific_lufthous-1-thegem-product-justified-square-xl.jpg\" width=\"700\" height=\"700\" class=\"attachment-thegem-product-justified-square-xl\" alt=\"OKO OZEAN PACIFIC\" \/> <\/picture> <\/div> <div class=\"overlay \"> <div class=\"overlay-circle\"><\/div> <div class=\"links-wrapper\"> <div class=\"links\"> <div class=\"portfolio-icons\"> <a href=\"https:\/\/lufthous.es\/lh\/pf\/productos-lufthous-water-ozono-oko-ozean-pacific\/\" target=\"_self\" class=\"icon self-link \" data-elementor-open-lightbox=\"no\" aria-label=\"OKO OZEAN PACIFIC\"> <i class=\"default\"><\/i> <\/a> <a href=\"javascript: void(0);\" class=\"icon share\" role=\"button\" aria-label=\"Share\"> <i class=\"default\"><\/i> <\/a> <div class=\"overlay-line\"><\/div> <div class=\"portfolio-sharing-pane\"> <div class=\"socials-sharing socials socials-colored-hover\"> <a class=\"socials-item\" target=\"_blank\" href=\"https:\/\/www.facebook.com\/sharer\/sharer.php?u=https%3A%2F%2Flufthous.es%2Flh%2Fpf%2Fproductos-lufthous-water-ozono-oko-ozean-pacific%2F\" title=\"Facebook\"><i class=\"socials-item-icon facebook\"><\/i><\/a> <a class=\"socials-item\" target=\"_blank\" href=\"https:\/\/twitter.com\/intent\/tweet?text=OKO+OZEAN+PACIFIC&#038;url=https%3A%2F%2Flufthous.es%2Flh%2Fpf%2Fproductos-lufthous-water-ozono-oko-ozean-pacific%2F\" title=\"Twitter\"><i class=\"socials-item-icon twitter\"><\/i><\/a> <a class=\"socials-item\" target=\"_blank\" href=\"https:\/\/pinterest.com\/pin\/create\/button\/?url=https%3A%2F%2Flufthous.es%2Flh%2Fpf%2Fproductos-lufthous-water-ozono-oko-ozean-pacific%2F&#038;description=OKO+OZEAN+PACIFIC&#038;media=https%3A%2F%2Flufthous.es%2Flh%2Fwp-content%2Fuploads%2F2021%2F09%2Fimg-destacada-ozono-oko-ozean-pacific_lufthous-1-thegem-blog-timeline-large.jpg\" title=\"Pinterest\"><i class=\"socials-item-icon pinterest\"><\/i><\/a> <a class=\"socials-item\" target=\"_blank\" href=\"https:\/\/www.tumblr.com\/widgets\/share\/tool?canonicalUrl=https%3A%2F%2Flufthous.es%2Flh%2Fpf%2Fproductos-lufthous-water-ozono-oko-ozean-pacific%2F\" title=\"Tumblr\"><i class=\"socials-item-icon tumblr\"><\/i><\/a> <a class=\"socials-item\" target=\"_blank\" href=\"https:\/\/www.linkedin.com\/shareArticle?mini=true&#038;url=https%3A%2F%2Flufthous.es%2Flh%2Fpf%2Fproductos-lufthous-water-ozono-oko-ozean-pacific%2F&#038;title=OKO+OZEAN+PACIFIC&amp;summary=%5Bvc_row+full_width%3D%26%238221%3Bstretch_row_content_no_spaces%26%238221%3B+css%3D%26%238221%3B.vc_custom_1723198949738%7Bpadding-right%3A+5%25+%21important%3Bpadding-left%3A+5%25+%21important%3B%7D%26%238221%3B%5D%5Bvc_column+width%3D%26%238221%3B1%2F2%26%238243%3B%5D%5Bvc_column_text+css%3D%26%238221%3B.vc_custom_1723456451471%7Bpadding-top%3A+15%25+%21important%3B%7D%26%238221%3B+css_animation%3D%26%238221%3Bbottom-to-top%26%238221%3B%5D%5B%2Fvc_column_text%5D%5B%2Fvc_column%5D%5Bvc_column+width%3D%26%238221%3B1%2F2%26%238243%3B%5D%5Bvc_column_text+css%3D%26%238221%3B%26%238221%3B%5D+OKO+OZEAN+PACIFIC+Tu+nueva+soluci%C3%B3n...\" title=\"LinkedIn\"><i class=\"socials-item-icon linkedin\"><\/i><\/a> <a class=\"socials-item\" target=\"_blank\" href=\"https:\/\/www.reddit.com\/submit?url=https%3A%2F%2Flufthous.es%2Flh%2Fpf%2Fproductos-lufthous-water-ozono-oko-ozean-pacific%2F&#038;title=OKO+OZEAN+PACIFIC\" title=\"Reddit\"><i class=\"socials-item-icon reddit\"><\/i><\/a> <\/div> <\/div> <\/div> <div class=\"caption\"> <div class=\"title title-h4\"> <span class=\" \"> OKO OZEAN PACIFIC <\/span> <\/div> <div class=\"description\"> <\/div> <div class=\"info\"> <span class=\"date\">27 septiembre, 2021<\/span> <span class=\"set\"> <span class=\"in_text\">in<\/span> <a class=\"additional-meta\" data-filter-type=\"taxonomies\" data-attr=\"thegem_portfolios\" data-filter=\"gama-ozonos\">GAMA OZONOS<\/a>, <a class=\"additional-meta\" data-filter-type=\"taxonomies\" data-attr=\"thegem_portfolios\" data-filter=\"soluciones-limpieza\">Soluciones limpieza<\/a>, <a class=\"additional-meta\" data-filter-type=\"taxonomies\" data-attr=\"thegem_portfolios\" data-filter=\"water\">water<\/a> <\/span> <\/div> <\/div> <\/div> <\/div> <\/div> <\/div> <\/div> <\/div> <\/div><!-- .portflio-set --> <div class=\"portfolio-item-size-container\"> <div class=\"portfolio-item col-xs-12 col-sm-6 col-md-6 bigger item-animations-not-inited portfolio-item-template appearance-type-featured_image post-35151 thegem_pf_item type-thegem_pf_item status-publish has-post-thumbnail\"> <\/div> <\/div> <\/div><!-- .row--> <div class=\"portfolio-navigator gem-pagination\" style=\"display:none;\"> <a href=\"#\" role=\"button\" class=\"prev\" aria-label=\"Ant.\"> <i class=\"default\"><\/i> <\/a> <div class=\"pages\"><\/div> <a href=\"#\" role=\"button\" class=\"next\" aria-label=\"Sig.\"> <i class=\"default\"><\/i> <\/a> <\/div> <\/div><!-- .full-width --> <\/div><!-- .portfolio--> <\/div><!-- .portfolio-preloader-wrapper-->[\/vc_column][\/vc_row]<\/p>\n<\/div>","protected":false},"excerpt":{"rendered":"<p>[vc_row][vc_column][vc_column_text css=&#8221;.vc_custom_1695205348505{padding-right: 15% !important;padding-left: 15% !important;}&#8221;] Limpieza innovadora Tecnolog\u00eda y respeto por el medio ambiente aplicando ozono en el agua&#8230;<\/p>\n","protected":false},"author":3,"featured_media":36149,"parent":25165,"menu_order":0,"comment_status":"closed","ping_status":"closed","template":"","meta":{"footnotes":""},"class_list":["post-25168","page","type-page","status-publish","has-post-thumbnail"],"_links":{"self":[{"href":"https:\/\/lufthous.es\/lh\/wp-json\/wp\/v2\/pages\/25168","targetHints":{"allow":["GET"]}}],"collection":[{"href":"https:\/\/lufthous.es\/lh\/wp-json\/wp\/v2\/pages"}],"about":[{"href":"https:\/\/lufthous.es\/lh\/wp-json\/wp\/v2\/types\/page"}],"author":[{"embeddable":true,"href":"https:\/\/lufthous.es\/lh\/wp-json\/wp\/v2\/users\/3"}],"replies":[{"embeddable":true,"href":"https:\/\/lufthous.es\/lh\/wp-json\/wp\/v2\/comments?post=25168"}],"version-history":[{"count":11,"href":"https:\/\/lufthous.es\/lh\/wp-json\/wp\/v2\/pages\/25168\/revisions"}],"predecessor-version":[{"id":38751,"href":"https:\/\/lufthous.es\/lh\/wp-json\/wp\/v2\/pages\/25168\/revisions\/38751"}],"up":[{"embeddable":true,"href":"https:\/\/lufthous.es\/lh\/wp-json\/wp\/v2\/pages\/25165"}],"wp:featuredmedia":[{"embeddable":true,"href":"https:\/\/lufthous.es\/lh\/wp-json\/wp\/v2\/media\/36149"}],"wp:attachment":[{"href":"https:\/\/lufthous.es\/lh\/wp-json\/wp\/v2\/media?parent=25168"}],"curies":[{"name":"wp","href":"https:\/\/api.w.org\/{rel}","templated":true}]}}